{"id":3,"date":"2023-04-26T01:16:44","date_gmt":"2023-04-26T01:16:44","guid":{"rendered":"https:\/\/digitalwebsync.com\/?page_id=3"},"modified":"2024-08-08T22:15:40","modified_gmt":"2024-08-08T22:15:40","slug":"tos","status":"publish","type":"page","link":"https:\/\/digitalwebsync.com\/fr\/tos\/","title":{"rendered":"Conditions d'utilisation"},"content":{"rendered":"<div data-elementor-type=\"wp-page\" data-elementor-id=\"3\" class=\"elementor elementor-3\">\n\t\t\t\t\t\t<section class=\"elementor-section elementor-top-section elementor-element elementor-element-59eb9f75 elementor-section-boxed elementor-section-height-default elementor-section-height-default\" data-id=\"59eb9f75\" data-element_type=\"section\" data-e-type=\"section\">\n\t\t\t\t\t\t<div class=\"elementor-container elementor-column-gap-default\">\n\t\t\t\t\t<div class=\"elementor-column elementor-col-100 elementor-top-column elementor-element elementor-element-780a4f94\" data-id=\"780a4f94\" data-element_type=\"column\" data-e-type=\"column\">\n\t\t\t<div class=\"elementor-widget-wrap elementor-element-populated\">\n\t\t\t\t\t\t<div class=\"elementor-element elementor-element-768e53c8 elementor-widget elementor-widget-text-editor\" data-id=\"768e53c8\" data-element_type=\"widget\" data-e-type=\"widget\" data-widget_type=\"text-editor.default\">\n\t\t\t\t<div class=\"elementor-widget-container\">\n\t\t\t\t\t\t\t\t\t\n<p class=\"selectable-text copyable-text x15bjb6t x1n2onr6\" dir=\"ltr\"><b><strong class=\"selectable-text copyable-text x117nqv4\">Conditions d\u2019utilisation de Digital Web Sync<\/strong><\/b><\/p>\n<p class=\"selectable-text copyable-text x15bjb6t x1n2onr6\" dir=\"ltr\"><span class=\"selectable-text copyable-text x1sdyfia xss6m8b\">1.<\/span><span class=\"selectable-text copyable-text\"> <\/span><b><strong class=\"selectable-text copyable-text x117nqv4\">Introduction<\/strong><\/b><\/p>\n<p class=\"selectable-text copyable-text x15bjb6t x1n2onr6 translation-block\" dir=\"ltr\"><span class=\"selectable-text copyable-text\">Bienvenue sur Digital Web Sync. En acc\u00e9dant \u00e0 notre site Web \u00e0 l'adresse <\/span><span class=\"selectable-text copyable-text\">digitalwebsync.com<\/span><span class=\"selectable-text copyable-text\">, vous acceptez d'\u00eatre li\u00e9 par les pr\u00e9sentes conditions d'utilisation (\u00ab Conditions \u00bb), toutes les lois et r\u00e9glementations applicables, et convenez que vous \u00eates responsable du respect de toutes les lois locales applicables.<\/span><\/p>\n<p class=\"selectable-text copyable-text x15bjb6t x1n2onr6\" dir=\"ltr\"><span class=\"selectable-text copyable-text x1sdyfia xss6m8b\">2.<\/span><span class=\"selectable-text copyable-text\"> <\/span><b><strong class=\"selectable-text copyable-text x117nqv4\">Services<\/strong><\/b><\/p>\n<p class=\"selectable-text copyable-text x15bjb6t x1n2onr6\" dir=\"ltr\"><span class=\"selectable-text copyable-text\"> Digital Web Sync propose une gamme de services num\u00e9riques, notamment la s\u00e9curit\u00e9 des sites Web, le d\u00e9veloppement d'applications Web et mobiles, les syst\u00e8mes de gestion de contenu, les solutions de commerce \u00e9lectronique et divers services de marketing. Pour des descriptions d\u00e9taill\u00e9es de chaque service, veuillez visiter directement notre page de services via les liens fournis sur notre page d'accueil.<\/span><\/p>\n<p class=\"selectable-text copyable-text x15bjb6t x1n2onr6\" dir=\"ltr\"><span class=\"selectable-text copyable-text x1sdyfia xss6m8b\">3.<\/span><span class=\"selectable-text copyable-text\"> <\/span><b><strong class=\"selectable-text copyable-text x117nqv4\">Propri\u00e9t\u00e9 intellectuelle<\/strong><\/b><\/p>\n<p class=\"selectable-text copyable-text x15bjb6t x1n2onr6\" dir=\"ltr\"><span class=\"selectable-text copyable-text\"> Tous les services et produits d\u00e9velopp\u00e9s par Digital Web Sync, y compris les sites Web, les applications mobiles, les conceptions et les logiciels, restent la propri\u00e9t\u00e9 de Digital Web Sync jusqu'\u00e0 leur paiement int\u00e9gral. Au d\u00e9but d'un projet, les clients sont tenus de payer 50 % \u00e0 l'avance, les 50 % restants \u00e9tant dus \u00e0 l'ach\u00e8vement du projet, date \u00e0 laquelle la propri\u00e9t\u00e9 est transf\u00e9r\u00e9e au client.<\/span><\/p>\n<p class=\"selectable-text copyable-text x15bjb6t x1n2onr6\" dir=\"ltr\"><span class=\"selectable-text copyable-text x1sdyfia xss6m8b\">4.<\/span><span class=\"selectable-text copyable-text\"> <\/span><b><strong class=\"selectable-text copyable-text x117nqv4\">Conditions de paiement et p\u00e9nalit\u00e9s de retard<\/strong><\/b><\/p>\n<p class=\"selectable-text copyable-text x15bjb6t x1n2onr6\" dir=\"ltr\"><span class=\"selectable-text copyable-text\"> Les factures sont payables dans les 30 jours suivant la date de la facture. Le non-paiement dans ce d\u00e9lai entra\u00eenera des frais de retard de 2 % par mois sur le solde impay\u00e9. Les clients doivent communiquer toute divergence ou tout litige dans les 14 jours suivant la date de la facture. En proc\u00e9dant au paiement, vous confirmez votre acceptation des pr\u00e9sentes conditions et de tous les biens ou services rendus. Les factures impay\u00e9es peuvent entra\u00eener des frais de recouvrement et des frais juridiques.<\/span><\/p>\n<p class=\"selectable-text copyable-text x15bjb6t x1n2onr6\" dir=\"ltr\"><span class=\"selectable-text copyable-text x1sdyfia xss6m8b\">5.<\/span><span class=\"selectable-text copyable-text\"> <\/span><b><strong class=\"selectable-text copyable-text x117nqv4\">Politique de non-remboursement et d'annulation<\/strong><\/b><\/p>\n<p class=\"selectable-text copyable-text x15bjb6t x1n2onr6\" dir=\"ltr\"><span class=\"selectable-text copyable-text\"> Une fois le projet lanc\u00e9, nous n'acceptons pas les annulations ni les remboursements. En cas d'insatisfaction, nous nous efforcerons de corriger les \u00e9ventuelles erreurs. Dans les cas extr\u00eames, un remboursement peut \u00eatre envisag\u00e9 si un litige juridique est engag\u00e9.<\/span><\/p>\n<p class=\"selectable-text copyable-text x15bjb6t x1n2onr6\" dir=\"ltr\"><span class=\"selectable-text copyable-text x1sdyfia xss6m8b\">6.<\/span><span class=\"selectable-text copyable-text\"> <\/span><b><strong class=\"selectable-text copyable-text x117nqv4\">Conduite de l'utilisateur<\/strong><\/b><\/p>\n<p class=\"selectable-text copyable-text x15bjb6t x1n2onr6\" dir=\"ltr\"><span class=\"selectable-text copyable-text\"> Les utilisateurs sont autoris\u00e9s \u00e0 utiliser notre site Web pour consulter nos services et nous contacter via le formulaire de contact et la section FAQ fournis. Un chatbot aliment\u00e9 par l'IA est \u00e9galement disponible pour r\u00e9pondre \u00e0 des questions sp\u00e9cifiques.<\/span><\/p>\n<p class=\"selectable-text copyable-text x15bjb6t x1n2onr6\" dir=\"ltr\"><span class=\"selectable-text copyable-text x1sdyfia xss6m8b\">7.<\/span><span class=\"selectable-text copyable-text\"> <\/span><b><strong class=\"selectable-text copyable-text x117nqv4\">R\u00e9solution des litiges<\/strong><\/b><\/p>\n<p class=\"selectable-text copyable-text x15bjb6t x1n2onr6 translation-block\" dir=\"ltr\"><span class=\"selectable-text copyable-text\">En cas de litige, les utilisateurs doivent nous contacter \u00e0 l'adresse <\/span><span class=\"selectable-text copyable-text\">info@digitalwebsync.com<\/span><span class=\"selectable-text copyable-text\">. Si nous ne parvenons pas \u00e0 r\u00e9soudre le probl\u00e8me, les utilisateurs peuvent faire valoir leurs droits par l'interm\u00e9diaire d'interm\u00e9diaires de paiement tels que PayPal ou Stripe. En cas de litige non r\u00e9solu, les deux parties conviennent de se soumettre \u00e0 la juridiction exclusive des tribunaux situ\u00e9s dans notre juridiction d'exploitation.<\/span><\/p>\n<p class=\"selectable-text copyable-text x15bjb6t x1n2onr6\" dir=\"ltr\"><span class=\"selectable-text copyable-text x1sdyfia xss6m8b\">8.<\/span><span class=\"selectable-text copyable-text\"> <\/span><b><strong class=\"selectable-text copyable-text x117nqv4\">Limitation de responsabilit\u00e9<\/strong><\/b><\/p>\n<p class=\"selectable-text copyable-text x15bjb6t x1n2onr6\" dir=\"ltr\"><span class=\"selectable-text copyable-text\"> Dans toute la mesure permise par la loi, Digital Web Sync ne sera pas responsable de tout dommage indirect, accessoire, sp\u00e9cial, cons\u00e9cutif ou punitif, ou de toute perte de b\u00e9n\u00e9fices ou de revenus, qu'ils soient encourus directement ou indirectement, ou de toute perte de donn\u00e9es, d'utilisation, de client\u00e8le ou d'autres pertes intangibles r\u00e9sultant (i) de votre utilisation de nos services ; (ii) de tout acc\u00e8s ou utilisation non autoris\u00e9 de nos serveurs et\/ou de toute information personnelle qui y est stock\u00e9e ; et (iii) de toute interruption ou cessation de transmission vers ou depuis nos services.<\/span><\/p>\n<p class=\"selectable-text copyable-text x15bjb6t x1n2onr6\" dir=\"ltr\"><span class=\"selectable-text copyable-text x1sdyfia xss6m8b\">9.<\/span><span class=\"selectable-text copyable-text\"> <\/span><b><strong class=\"selectable-text copyable-text x117nqv4\">Indemnit\u00e9<\/strong><\/b><\/p>\n<p class=\"selectable-text copyable-text x15bjb6t x1n2onr6\" dir=\"ltr\"><span class=\"selectable-text copyable-text\"> Vous acceptez d'indemniser et de d\u00e9gager de toute responsabilit\u00e9 Digital Web Sync et ses employ\u00e9s, sous-traitants et soci\u00e9t\u00e9s affili\u00e9es contre toute r\u00e9clamation, dommage, obligation, perte, responsabilit\u00e9, co\u00fbt ou dette et d\u00e9pense (y compris, mais sans s'y limiter, les honoraires d'avocat) d\u00e9coulant de votre utilisation de nos services, de votre violation des pr\u00e9sentes conditions ou de votre violation des droits d'un tiers.<\/span><\/p>\n<p class=\"selectable-text copyable-text x15bjb6t x1n2onr6\" dir=\"ltr\"><span class=\"selectable-text copyable-text x1sdyfia xss6m8b\">10.<\/span><span class=\"selectable-text copyable-text\"> <\/span><b><strong class=\"selectable-text copyable-text x117nqv4\">Modifications des conditions<\/strong><\/b><\/p>\n<p class=\"selectable-text copyable-text x15bjb6t x1n2onr6\" dir=\"ltr\"><span class=\"selectable-text copyable-text\"> Nous nous r\u00e9servons le droit de modifier ces conditions \u00e0 tout moment. Les modifications seront notifi\u00e9es \u00e0 nos clients 30 jours \u00e0 l'avance par e-mail et via une notification contextuelle sur notre site Web.<\/span><\/p>\n<p class=\"selectable-text copyable-text x15bjb6t x1n2onr6\" dir=\"ltr\"><span class=\"selectable-text copyable-text x1sdyfia xss6m8b\">11.<\/span><span class=\"selectable-text copyable-text\"> <\/span><b><strong class=\"selectable-text copyable-text x117nqv4\">Contactez-nous<\/strong><\/b><\/p>\n<p class=\"selectable-text copyable-text x15bjb6t x1n2onr6 translation-block\" dir=\"ltr\"><span class=\"selectable-text copyable-text\"> Pour toute question relative aux pr\u00e9sentes Conditions, veuillez nous contacter \u00e0 <\/span><span class=\"selectable-text copyable-text\">info@digitalwebsync.com<\/span><span class=\"selectable-text copyable-text\">.<\/span><\/p>\n\t\t\t\t\t\t\t\t<\/div>\n\t\t\t\t<\/div>\n\t\t\t\t\t<\/div>\n\t\t<\/div>\n\t\t\t\t\t<\/div>\n\t\t<\/section>\n\t\t\t\t<\/div>","protected":false},"excerpt":{"rendered":"<p>Terms of Service for Digital Web Sync 1. Introduction Welcome to Digital Web Sync. By accessing our website at digitalwebsync.com, you agree to be bound by these Terms of Service (\u201cTerms\u201d), all applicable laws and regulations, and agree that you are responsible for compliance with any applicable local laws. 2. Services Digital Web Sync offers [&hellip;]<\/p>","protected":false},"author":1,"featured_media":0,"parent":0,"menu_order":0,"comment_status":"closed","ping_status":"closed","template":"","meta":{"_crdt_document":"","footnotes":""},"class_list":["post-3","page","type-page","status-publish","hentry"],"_links":{"self":[{"href":"https:\/\/digitalwebsync.com\/fr\/wp-json\/wp\/v2\/pages\/3","targetHints":{"allow":["GET"]}}],"collection":[{"href":"https:\/\/digitalwebsync.com\/fr\/wp-json\/wp\/v2\/pages"}],"about":[{"href":"https:\/\/digitalwebsync.com\/fr\/wp-json\/wp\/v2\/types\/page"}],"author":[{"embeddable":true,"href":"https:\/\/digitalwebsync.com\/fr\/wp-json\/wp\/v2\/users\/1"}],"replies":[{"embeddable":true,"href":"https:\/\/digitalwebsync.com\/fr\/wp-json\/wp\/v2\/comments?post=3"}],"version-history":[{"count":16,"href":"https:\/\/digitalwebsync.com\/fr\/wp-json\/wp\/v2\/pages\/3\/revisions"}],"predecessor-version":[{"id":13723,"href":"https:\/\/digitalwebsync.com\/fr\/wp-json\/wp\/v2\/pages\/3\/revisions\/13723"}],"wp:attachment":[{"href":"https:\/\/digitalwebsync.com\/fr\/wp-json\/wp\/v2\/media?parent=3"}],"curies":[{"name":"wp","href":"https:\/\/api.w.org\/{rel}","templated":true}]}}