{"id":13660,"date":"2024-05-27T22:55:24","date_gmt":"2024-05-27T22:55:24","guid":{"rendered":"https:\/\/digitalwebsync.com\/?page_id=13660"},"modified":"2024-05-27T22:57:04","modified_gmt":"2024-05-27T22:57:04","slug":"disclaimer","status":"publish","type":"page","link":"https:\/\/digitalwebsync.com\/fr\/disclaimer\/","title":{"rendered":"Disclaimer"},"content":{"rendered":"<div data-elementor-type=\"wp-page\" data-elementor-id=\"13660\" class=\"elementor elementor-13660\">\n\t\t\t\t\t\t<section class=\"elementor-section elementor-top-section elementor-element elementor-element-abb70ff elementor-section-boxed elementor-section-height-default elementor-section-height-default\" data-id=\"abb70ff\" data-element_type=\"section\" data-e-type=\"section\">\n\t\t\t\t\t\t<div class=\"elementor-container elementor-column-gap-default\">\n\t\t\t\t\t<div class=\"elementor-column elementor-col-100 elementor-top-column elementor-element elementor-element-3d29061\" data-id=\"3d29061\" data-element_type=\"column\" data-e-type=\"column\">\n\t\t\t<div class=\"elementor-widget-wrap elementor-element-populated\">\n\t\t\t\t\t\t<div class=\"elementor-element elementor-element-fce811a elementor-widget elementor-widget-text-editor\" data-id=\"fce811a\" data-element_type=\"widget\" data-e-type=\"widget\" data-widget_type=\"text-editor.default\">\n\t\t\t\t<div class=\"elementor-widget-container\">\n\t\t\t\t\t\t\t\t\t<p><strong>Avertissement pour le site web de Digital Web Sync<\/strong><\/p><p class=\" translation-block\"><strong>1. Informations G\u00e9n\u00e9rales<\/strong> Les informations fournies par Digital Web Sync sur <a target=\"_new\" rel=\"noreferrer\" href=\"https:\/\/digitalwebsync.com\/\">https:\/\/digitalwebsync.com<\/a> (\u00ab le Site \u00bb) sont \u00e0 des fins d'information et d'\u00e9ducation g\u00e9n\u00e9rales uniquement. Toutes les informations sur le Site sont fournies de bonne foi, cependant, nous ne faisons aucune repr\u00e9sentation ni garantie de quelque nature que ce soit, expresse ou implicite, concernant l'exactitude, l'ad\u00e9quation, la validit\u00e9, la fiabilit\u00e9, la disponibilit\u00e9 ou l'exhaustivit\u00e9 de toute information sur le Site.<\/p><p class=\" translation-block\"><strong>2. Pas de Conseil Professionnel<\/strong> Le contenu fourni sur le site, notamment en ce qui concerne la technologie et les services web, a pour seul but de faciliter la compr\u00e9hension et la connaissance g\u00e9n\u00e9rales et ne constitue pas un conseil professionnel. Bien que nos experts puissent fournir des perspectives sur des sujets tels que l'utilisation de WordPress ou la s\u00e9lection de services d'h\u00e9bergement, celles-ci sont bas\u00e9es sur des exp\u00e9riences g\u00e9n\u00e9rales et ne devraient pas \u00eatre les seules sources utilis\u00e9es pour prendre des d\u00e9cisions sp\u00e9cifiques.<\/p><p class=\" translation-block\"><strong>3. Avertissement Concernant les Liens Externes<\/strong> Le site peut contenir (ou vous pouvez \u00eatre dirig\u00e9 via le site) des liens vers d'autres sites web ou contenus appartenant \u00e0 des tiers ou en provenance de ceux-ci, ou des liens vers des sites web et des fonctionnalit\u00e9s dans des banni\u00e8res ou d'autres publicit\u00e9s. Ces liens externes ne sont pas investigu\u00e9s, surveill\u00e9s ou v\u00e9rifi\u00e9s par nous en termes de pr\u00e9cision, ad\u00e9quation, validit\u00e9, fiabilit\u00e9, disponibilit\u00e9 ou compl\u00e9tude. Par cons\u00e9quent, nous ne garantissons pas, n'endossons pas, ne garantissons pas, et n'assumons pas la responsabilit\u00e9 de l'exactitude ou de la fiabilit\u00e9 de toute information fournie par des sites web tiers li\u00e9s par le site ou tout site web ou fonctionnalit\u00e9 li\u00e9e dans une banni\u00e8re ou autre publicit\u00e9. Nous ne serons pas partie ni de quelque mani\u00e8re que ce soit responsables de surveiller une transaction entre vous et les fournisseurs tiers de produits ou services.<\/p><p class=\" translation-block\"><strong>4. Responsabilit\u00e9 Personnelle<\/strong> Vous \u00eates encourag\u00e9 \u00e0 v\u00e9rifier par vous-m\u00eame toute information trouv\u00e9e sur notre site et \u00e0 consulter des professionnels si n\u00e9cessaire. L'utilisation du site et la d\u00e9pendance \u00e0 toute information sur le site se font enti\u00e8rement \u00e0 vos propres risques. EN AUCUN CAS NOUS NE SERONS TENUS RESPONSABLES ENVERS VOUS POUR TOUTE PERTE OU DOMMAGE DE QUELQUE NATURE QUE CE SOIT R\u00c9SULTANT DE L'UTILISATION DU SITE OU DE LA D\u00c9PENDANCE \u00c0 TOUTE INFORMATION FOURNIE SUR LE SITE.<\/p>\t\t\t\t\t\t\t\t<\/div>\n\t\t\t\t<\/div>\n\t\t\t\t\t<\/div>\n\t\t<\/div>\n\t\t\t\t\t<\/div>\n\t\t<\/section>\n\t\t\t\t<\/div>","protected":false},"excerpt":{"rendered":"<p>WEBSITE DISCLAIMER for Digital Web Sync 1. General Information The information provided by Digital Web Sync on https:\/\/digitalwebsync.com (&#8220;the Site&#8221;) is for general informational and educational purposes only. All information on the Site is provided in good faith, however, we make no representation or warranty of any kind, express or implied, regarding the accuracy, adequacy, [&hellip;]<\/p>","protected":false},"author":1,"featured_media":0,"parent":0,"menu_order":0,"comment_status":"closed","ping_status":"closed","template":"","meta":{"_crdt_document":"","footnotes":""},"class_list":["post-13660","page","type-page","status-publish","hentry"],"_links":{"self":[{"href":"https:\/\/digitalwebsync.com\/fr\/wp-json\/wp\/v2\/pages\/13660","targetHints":{"allow":["GET"]}}],"collection":[{"href":"https:\/\/digitalwebsync.com\/fr\/wp-json\/wp\/v2\/pages"}],"about":[{"href":"https:\/\/digitalwebsync.com\/fr\/wp-json\/wp\/v2\/types\/page"}],"author":[{"embeddable":true,"href":"https:\/\/digitalwebsync.com\/fr\/wp-json\/wp\/v2\/users\/1"}],"replies":[{"embeddable":true,"href":"https:\/\/digitalwebsync.com\/fr\/wp-json\/wp\/v2\/comments?post=13660"}],"version-history":[{"count":7,"href":"https:\/\/digitalwebsync.com\/fr\/wp-json\/wp\/v2\/pages\/13660\/revisions"}],"predecessor-version":[{"id":13668,"href":"https:\/\/digitalwebsync.com\/fr\/wp-json\/wp\/v2\/pages\/13660\/revisions\/13668"}],"wp:attachment":[{"href":"https:\/\/digitalwebsync.com\/fr\/wp-json\/wp\/v2\/media?parent=13660"}],"curies":[{"name":"wp","href":"https:\/\/api.w.org\/{rel}","templated":true}]}}