{"id":13651,"date":"2024-05-27T22:39:03","date_gmt":"2024-05-27T22:39:03","guid":{"rendered":"https:\/\/digitalwebsync.com\/?page_id=13651"},"modified":"2024-05-27T22:43:06","modified_gmt":"2024-05-27T22:43:06","slug":"privacy-policy","status":"publish","type":"page","link":"https:\/\/digitalwebsync.com\/fr\/privacy-policy\/","title":{"rendered":"Politique de confidentialit\u00e9"},"content":{"rendered":"<div data-elementor-type=\"wp-page\" data-elementor-id=\"13651\" class=\"elementor elementor-13651\">\n\t\t\t\t\t\t<section class=\"elementor-section elementor-top-section elementor-element elementor-element-5013c83 elementor-section-boxed elementor-section-height-default elementor-section-height-default\" data-id=\"5013c83\" data-element_type=\"section\" data-e-type=\"section\">\n\t\t\t\t\t\t<div class=\"elementor-container elementor-column-gap-default\">\n\t\t\t\t\t<div class=\"elementor-column elementor-col-100 elementor-top-column elementor-element elementor-element-261c12b\" data-id=\"261c12b\" data-element_type=\"column\" data-e-type=\"column\">\n\t\t\t<div class=\"elementor-widget-wrap elementor-element-populated\">\n\t\t\t\t\t\t<div class=\"elementor-element elementor-element-fad9334 elementor-widget elementor-widget-text-editor\" data-id=\"fad9334\" data-element_type=\"widget\" data-e-type=\"widget\" data-widget_type=\"text-editor.default\">\n\t\t\t\t<div class=\"elementor-widget-container\">\n\t\t\t\t\t\t\t\t\t<p><strong>Politique de confidentialit\u00e9 pour Digital Web Sync<\/strong><\/p><p class=\" translation-block\"><strong>1. Introduction<br><\/strong> Bienvenue dans Digital Web Sync. Cette politique de confidentialit\u00e9 explique comment nous collectons, utilisons et partageons des informations vous concernant lorsque vous visitez ou utilisez nos services sur <a target=\"_new\" rel=\"noreferrer\" href=\"https:\/\/digitalwebsync.com\/\">digitalwebsync. com<\/a>. En utilisant nos services, vous acceptez la collecte et l'utilisation d'informations conform\u00e9ment \u00e0 cette politique.<\/p><p class=\" translation-block\"><strong>2. Collecte et utilisation des informations<br><\/strong> Nous collectons plusieurs types d'informations \u00e0 diverses fins afin de vous fournir et d'am\u00e9liorer nos services. Ceci comprend:<\/p><ul><li class=\" translation-block\"><strong>Donn\u00e9es personnelles<\/strong>\u00a0: Lors de l'utilisation de notre Service, nous pouvons vous demander de nous fournir certaines informations personnellement identifiables qui peuvent \u00eatre utilis\u00e9es pour vous contacter ou vous identifier. Cela peut inclure, sans s'y limiter, votre nom, votre adresse e-mail et votre num\u00e9ro de t\u00e9l\u00e9phone.<\/li><li class=\" translation-block\"><strong>Donn\u00e9es d'utilisation<\/strong>\u00a0: Nous collectons des informations sur la mani\u00e8re dont le Service est acc\u00e9d\u00e9 et utilis\u00e9. Ces donn\u00e9es d'utilisation peuvent inclure des informations telles que l'adresse de protocole Internet de votre ordinateur (par exemple, l'adresse IP), le type de navigateur, la version du navigateur et les pages de notre service que vous visitez.<\/li><\/ul><p class=\" translation-block\"><strong>3. Cookies et technologies de suivi<\/strong> <br>Nous utilisons des cookies et des technologies de suivi similaires pour suivre l'activit\u00e9 sur notre service et conserver certaines informations, aliment\u00e9es par notre plateforme WordPress.<\/p><p class=\" translation-block\"><strong>4. Utilisation des donn\u00e9es<br><\/strong> Digital Web Sync utilise les donn\u00e9es collect\u00e9es \u00e0 diverses fins\u00a0:<\/p><ul><li>Pour fournir et maintenir notre service<\/li><li>Pour vous avertir des changements de notre service<\/li><li>Pour fournir un service \u00e0 la client\u00e8le<\/li><li>Pour recueillir des analyses ou des informations pr\u00e9cieuses afin que nous puissions am\u00e9liorer notre service<\/li><li>Pour surveiller l\u2019utilisation de notre service<\/li><\/ul><p class=\" translation-block\"><strong>5. Partage de donn\u00e9es<br><\/strong> Nous partageons vos donn\u00e9es avec des tiers comme PayPal ou Stripe pour traiter les paiements et g\u00e9n\u00e9rer des factures. Votre nom complet, le nom de votre entreprise, l'adresse de votre entreprise et votre adresse e-mail sont partag\u00e9s \u00e0 ces fins. Nous ne partageons pas les informations personnelles des utilisateurs qui naviguent uniquement sur notre site Web.<\/p><p class=\" translation-block\"><strong>6. Transferts internationaux de donn\u00e9es<\/strong><span> <br>Vos informations, y compris vos donn\u00e9es personnelles, peuvent \u00eatre transf\u00e9r\u00e9es vers - et conserv\u00e9es sur - des ordinateurs situ\u00e9s en dehors de votre \u00e9tat, province, pays ou autre juridiction gouvernementale o\u00f9 les lois sur la protection des donn\u00e9es peuvent diff\u00e8rent de ceux de votre juridiction. Nous transf\u00e9rons des donn\u00e9es personnelles \u00e0 notre processeur de paiement, Stripe, dans le but de facturer nos clients internationaux. Nous prenons toutes les mesures raisonnablement n\u00e9cessaires pour garantir que vos donn\u00e9es sont trait\u00e9es de mani\u00e8re s\u00e9curis\u00e9e et conform\u00e9ment \u00e0 la pr\u00e9sente politique de confidentialit\u00e9.<\/span><\/p><p class=\" translation-block\"><strong>7. Droits relatifs aux donn\u00e9es<br><\/strong> Vous avez le droit de demander la suppression de vos donn\u00e9es personnelles de nos bases de donn\u00e9es. Veuillez nous contacter \u00e0 <a target=\"_new\" rel=\"noreferrer\">info@digitalwebsync.com<\/a> pour faire une telle demande.<\/p><p class=\" translation-block\"><strong>8. S\u00e9curit\u00e9<br><\/strong>Nous prenons la s\u00e9curit\u00e9 de vos donn\u00e9es au s\u00e9rieux et utilisons \u00e0 la fois des mesures de s\u00e9curit\u00e9 WordPress et des pratiques de s\u00e9curit\u00e9 avanc\u00e9es suppl\u00e9mentaires supervis\u00e9es par nos ing\u00e9nieurs informatiques experts pour prot\u00e9ger vos donn\u00e9es.<\/p><p class=\" translation-block\"><strong>9. Modifications de cette politique de confidentialit\u00e9<br><\/strong> Nous pouvons mettre \u00e0 jour notre politique de confidentialit\u00e9 de temps \u00e0 autre. Nous vous informerons de toute modification en publiant la nouvelle politique de confidentialit\u00e9 sur cette page et via une notification contextuelle 30 jours avant l'entr\u00e9e en vigueur des modifications.<\/p><p class=\" translation-block\"><strong>10. Contactez-nous<br><\/strong> Si vous avez des questions sur cette politique de confidentialit\u00e9, veuillez nous contacter \u00e0 <a target=\"_new\" rel=\"noreferrer\">info@digitalwebsync.com<\/a>.<\/p>\t\t\t\t\t\t\t\t<\/div>\n\t\t\t\t<\/div>\n\t\t\t\t\t<\/div>\n\t\t<\/div>\n\t\t\t\t\t<\/div>\n\t\t<\/section>\n\t\t\t\t<\/div>","protected":false},"excerpt":{"rendered":"<p>Privacy Policy for Digital Web Sync 1. Introduction Welcome to Digital Web Sync. This Privacy Policy explains how we collect, use, and share information about you when you visit or use our services at digitalwebsync.com. By using our services, you agree to the collection and use of information in accordance with this policy. 2. Information [&hellip;]<\/p>","protected":false},"author":1,"featured_media":0,"parent":0,"menu_order":0,"comment_status":"closed","ping_status":"closed","template":"","meta":{"_crdt_document":"","footnotes":""},"class_list":["post-13651","page","type-page","status-publish","hentry"],"_links":{"self":[{"href":"https:\/\/digitalwebsync.com\/fr\/wp-json\/wp\/v2\/pages\/13651","targetHints":{"allow":["GET"]}}],"collection":[{"href":"https:\/\/digitalwebsync.com\/fr\/wp-json\/wp\/v2\/pages"}],"about":[{"href":"https:\/\/digitalwebsync.com\/fr\/wp-json\/wp\/v2\/types\/page"}],"author":[{"embeddable":true,"href":"https:\/\/digitalwebsync.com\/fr\/wp-json\/wp\/v2\/users\/1"}],"replies":[{"embeddable":true,"href":"https:\/\/digitalwebsync.com\/fr\/wp-json\/wp\/v2\/comments?post=13651"}],"version-history":[{"count":7,"href":"https:\/\/digitalwebsync.com\/fr\/wp-json\/wp\/v2\/pages\/13651\/revisions"}],"predecessor-version":[{"id":13658,"href":"https:\/\/digitalwebsync.com\/fr\/wp-json\/wp\/v2\/pages\/13651\/revisions\/13658"}],"wp:attachment":[{"href":"https:\/\/digitalwebsync.com\/fr\/wp-json\/wp\/v2\/media?parent=13651"}],"curies":[{"name":"wp","href":"https:\/\/api.w.org\/{rel}","templated":true}]}}