{"id":13629,"date":"2024-05-27T21:58:33","date_gmt":"2024-05-27T21:58:33","guid":{"rendered":"https:\/\/digitalwebsync.com\/?page_id=13629"},"modified":"2024-05-27T22:07:16","modified_gmt":"2024-05-27T22:07:16","slug":"cookies-policy","status":"publish","type":"page","link":"https:\/\/digitalwebsync.com\/fr\/cookies-policy\/","title":{"rendered":"Cookies policy"},"content":{"rendered":"<div data-elementor-type=\"wp-page\" data-elementor-id=\"13629\" class=\"elementor elementor-13629\">\n\t\t\t\t\t\t<section class=\"elementor-section elementor-top-section elementor-element elementor-element-c72919b elementor-section-boxed elementor-section-height-default elementor-section-height-default\" data-id=\"c72919b\" data-element_type=\"section\" data-e-type=\"section\">\n\t\t\t\t\t\t<div class=\"elementor-container elementor-column-gap-default\">\n\t\t\t\t\t<div class=\"elementor-column elementor-col-100 elementor-top-column elementor-element elementor-element-af7b665\" data-id=\"af7b665\" data-element_type=\"column\" data-e-type=\"column\">\n\t\t\t<div class=\"elementor-widget-wrap elementor-element-populated\">\n\t\t\t\t\t\t<div class=\"elementor-element elementor-element-6264c8a elementor-widget elementor-widget-text-editor\" data-id=\"6264c8a\" data-element_type=\"widget\" data-e-type=\"widget\" data-widget_type=\"text-editor.default\">\n\t\t\t\t<div class=\"elementor-widget-container\">\n\t\t\t\t\t\t\t\t\t<p class=\" translation-block\"><strong>1. Introduction<\/strong> Cette politique en mati\u00e8re de cookies explique ce que sont les cookies et comment nous, Digital Web Sync, une agence num\u00e9rique \u00e0 service complet, les utilisons sur notre site Web <a target=\"_new\" rel=\"noreferrer\" href=\"https:\/ \/digitalwebsync.com\/\">digitalwebsync.com<\/a>. Nous utilisons des cookies pour am\u00e9liorer votre exp\u00e9rience en fournissant des services personnalis\u00e9s et en analysant le trafic du site. En utilisant notre site Web, vous consentez \u00e0 l'utilisation de cookies conform\u00e9ment \u00e0 cette politique.<\/p><p class=\" translation-block\"><strong>2. Que sont les cookies ?<\/strong> Les cookies sont de petits fichiers texte qui sont stock\u00e9s sur votre appareil (ordinateur, tablette ou mobile) lorsque vous visitez des sites Web. Ils sont largement utilis\u00e9s pour \u00ab se souvenir \u00bb de vous et de vos pr\u00e9f\u00e9rences, soit pour une seule visite (via un \u00ab cookie de session \u00bb), soit pour plusieurs visites r\u00e9p\u00e9t\u00e9es (en utilisant un \u00ab cookie persistant \u00bb). Ils garantissent une exp\u00e9rience coh\u00e9rente et efficace aux visiteurs et remplissent des fonctions essentielles telles que permettre aux utilisateurs de s'inscrire et de rester connect\u00e9s.<\/p><p class=\" translation-block\"><strong>3. Comment utilisons-nous les cookies ?<\/strong> Nous utilisons des cookies pour comprendre comment vous utilisez notre site et pour am\u00e9liorer votre exp\u00e9rience. Nos utilisations des cookies incluent\u00a0:<\/p><ul><li class=\" translation-block\"><strong>Cookies de fonctionnalit\u00e9 du site<\/strong>\u00a0: Ces cookies vous permettent de naviguer sur le site et d'utiliser nos fonctionnalit\u00e9s, telles que \u00ab Ajouter au panier \u00bb et \u00ab Enregistrer pour plus tard \u00bb.<\/li><li class=\" translation-block\"><strong>Cookies d'analyse de site<\/strong>\u00a0: Ils nous aident \u00e0 comprendre comment les visiteurs interagissent avec notre site Web en collectant et en signalant des informations de mani\u00e8re anonyme.<\/li><li class=\" translation-block\"><strong>Cookies de pr\u00e9f\u00e9rences client<\/strong>\u00a0: Lorsque vous naviguez ou effectuez des achats sur Digital Web Sync, ces cookies m\u00e9morisent vos pr\u00e9f\u00e9rences (comme votre langue ou votre emplacement), afin que nous puissions rendre votre exp\u00e9rience d'achat aussi fluide que possible et plus personnelle. pour vous.<\/li><\/ul><p class=\" translation-block\"><strong>4. Cookies tiers<\/strong> Dans certains cas particuliers, nous utilisons \u00e9galement des cookies fournis par des tiers de confiance. La section suivante d\u00e9taille les cookies tiers que vous pourriez rencontrer via ce site :<\/p><ul><li class=\" translation-block\"><strong>Google Analytics<\/strong>\u00a0: Ces cookies sont utilis\u00e9s pour suivre l'utilisation de notre site et l'efficacit\u00e9 de nos campagnes marketing. Ils peuvent suivre des \u00e9l\u00e9ments tels que le temps que vous passez sur le site et les pages que vous visitez.<\/li><\/ul><p class=\" translation-block\"><strong>5. Comment g\u00e9rer les cookies<\/strong> Vous pouvez g\u00e9rer l'utilisation des cookies \u00e0 tout moment en ajustant les param\u00e8tres de votre navigateur. Voici comment contr\u00f4ler et g\u00e9rer les cookies sur les principaux navigateurs Web\u00a0:<\/p><ul><li class=\" translation-block\"><strong>Google Chrome<\/strong>\u00a0: Visitez <a target=\"_blank\" href=\"https:\/\/support.google.com\/chrome\/answer\/95647?hl=en&amp;co=GENIE.PlatformDesktop\" rel=\" noopener\">Param\u00e8tres des cookies de Chrome<\/a> pour g\u00e9rer les cookies directement dans Chrome.<\/li><li class=\" translation-block\"><strong>Mozilla Firefox<\/strong>\u00a0: Acc\u00e9dez \u00e0 <a target=\"_new\" rel=\"noreferrer noopener\" href=\"https:\/\/support.mozilla.org\/en-US\/kb\/cookies-information-websites-store -sur votre ordinateur\">Guide de gestion des cookies de Firefox<\/a> pour des instructions d\u00e9taill\u00e9es sur la gestion des cookies.<\/li><li class=\" translation-block\"><strong>Apple Safari<\/strong>\u00a0: Acc\u00e9dez aux <a target=\"_new\" rel=\"noreferrer noopener\" href=\"https:\/\/support.apple.com\/en-us\/HT201265\">Param\u00e8tres de confidentialit\u00e9 de Safari<\/a> pour plus d'informations sur la gestion des cookies sur Safari.<\/li><li class=\" translation-block\"><strong>Microsoft Edge<\/strong>\u00a0:\u00a0Consultez <a target=\"_new\" rel=\"noreferrer noopener\" href=\"https:\/\/support.microsoft.com\/en-us\/microsoft-edge\/delete-cookies-in -microsoft-edge-63947406-40ac-c3b8-57b9-2a946a29ae09\">Param\u00e8tres des cookies d'Edge<\/a> pour en savoir plus sur la gestion des cookies dans Edge.<\/li><\/ul><p>Pour les autres navigateurs, veuillez consulter la documentation fournie par le fabricant de votre navigateur.<\/p><p class=\" translation-block\"><strong>6. Modifications de la politique en mati\u00e8re de cookies<\/strong> Nous pouvons mettre \u00e0 jour cette politique en mati\u00e8re de cookies de temps \u00e0 autre en r\u00e9ponse \u00e0 des \u00e9volutions juridiques, techniques ou commerciales. Lorsque nous mettrons \u00e0 jour notre politique en mati\u00e8re de cookies, nous prendrons les mesures appropri\u00e9es pour vous informer, en fonction de l'importance des modifications que nous apportons.<\/p><p class=\" translation-block\"><strong>7. Contactez-nous<\/strong> Si vous avez des questions sur notre utilisation des cookies, veuillez nous contacter par e-mail \u00e0 <a target=\"_new\" rel=\"noreferrer\">info@digitalwebsync.com<\/a>.<\/p>\t\t\t\t\t\t\t\t<\/div>\n\t\t\t\t<\/div>\n\t\t\t\t\t<\/div>\n\t\t<\/div>\n\t\t\t\t\t<\/div>\n\t\t<\/section>\n\t\t\t\t<\/div>","protected":false},"excerpt":{"rendered":"<p>1. Introduction This Cookie Policy explains what cookies are and how we, Digital Web Sync, a full-service digital agency, use them on our website digitalwebsync.com. We use cookies to enhance your experience by providing personalized services and analyzing site traffic. By using our website, you consent to the use of cookies in accordance with this [&hellip;]<\/p>","protected":false},"author":1,"featured_media":0,"parent":0,"menu_order":0,"comment_status":"closed","ping_status":"closed","template":"","meta":{"_crdt_document":"","footnotes":""},"class_list":["post-13629","page","type-page","status-publish","hentry"],"_links":{"self":[{"href":"https:\/\/digitalwebsync.com\/fr\/wp-json\/wp\/v2\/pages\/13629","targetHints":{"allow":["GET"]}}],"collection":[{"href":"https:\/\/digitalwebsync.com\/fr\/wp-json\/wp\/v2\/pages"}],"about":[{"href":"https:\/\/digitalwebsync.com\/fr\/wp-json\/wp\/v2\/types\/page"}],"author":[{"embeddable":true,"href":"https:\/\/digitalwebsync.com\/fr\/wp-json\/wp\/v2\/users\/1"}],"replies":[{"embeddable":true,"href":"https:\/\/digitalwebsync.com\/fr\/wp-json\/wp\/v2\/comments?post=13629"}],"version-history":[{"count":7,"href":"https:\/\/digitalwebsync.com\/fr\/wp-json\/wp\/v2\/pages\/13629\/revisions"}],"predecessor-version":[{"id":13638,"href":"https:\/\/digitalwebsync.com\/fr\/wp-json\/wp\/v2\/pages\/13629\/revisions\/13638"}],"wp:attachment":[{"href":"https:\/\/digitalwebsync.com\/fr\/wp-json\/wp\/v2\/media?parent=13629"}],"curies":[{"name":"wp","href":"https:\/\/api.w.org\/{rel}","templated":true}]}}