{"id":12435,"date":"2023-04-11T01:00:30","date_gmt":"2023-04-11T01:00:30","guid":{"rendered":"https:\/\/digitalwebsync.com\/?page_id=12435"},"modified":"2024-05-26T18:23:12","modified_gmt":"2024-05-26T18:23:12","slug":"app-development","status":"publish","type":"page","link":"https:\/\/digitalwebsync.com\/fr\/developpement-dapplications\/","title":{"rendered":"D\u00e9veloppement d'applications"},"content":{"rendered":"<div data-elementor-type=\"wp-page\" data-elementor-id=\"12435\" class=\"elementor elementor-12435\">\n\t\t\t\t\t\t<section class=\"elementor-section elementor-top-section elementor-element elementor-element-3424a71 elementor-section-boxed elementor-section-height-default elementor-section-height-default\" data-id=\"3424a71\" data-element_type=\"section\" data-e-type=\"section\" data-settings=\"{&quot;background_background&quot;:&quot;classic&quot;}\">\n\t\t\t\t\t\t<div class=\"elementor-container elementor-column-gap-default\">\n\t\t\t\t\t<div class=\"elementor-column elementor-col-100 elementor-top-column elementor-element elementor-element-844d3a5\" data-id=\"844d3a5\" data-element_type=\"column\" data-e-type=\"column\">\n\t\t\t<div class=\"elementor-widget-wrap elementor-element-populated\">\n\t\t\t\t\t\t<div class=\"elementor-element elementor-element-eabb950 elementor-widget elementor-widget-gt3-core-animated-headlines\" data-id=\"eabb950\" data-element_type=\"widget\" data-e-type=\"widget\" data-widget_type=\"gt3-core-animated-headlines.default\">\n\t\t\t\t<div class=\"elementor-widget-container\">\n\t\t\t\t\t\t<div class=\"gt3-animated-headlines\">\r\n\t\t<h2 class=\"gt3-headline-title elementor-size-default\">Transform Your <span class=\"gt3_headline_word gt3_headline_loop\">Ideas<svg xmlns=\"https:\/\/www.w3.org\/2000\/svg\" viewbox=\"0 0 500 150\" preserveaspectratio=\"none\"><path d=\"m20.69998,137.6c102.29522,-15.6 261.64822,-20.4 358.75135,-15.3c40.43563,3.2 77.13684,8.8 100.8487,19.7\" \/><\/svg><\/span> into Engaging Mobile Apps<\/h2>\t<\/div>\r\n<script type=\"application\/json\" id=\"settings--eabb950\">{\"highlighter_interval\":5000,\"highlighter_duration\":1200,\"infinite_loop\":\"yes\"}<\/script>\t\t\t\t<\/div>\n\t\t\t\t<\/div>\n\t\t\t\t\t<\/div>\n\t\t<\/div>\n\t\t\t\t\t<\/div>\n\t\t<\/section>\n\t\t\t\t<section class=\"elementor-section elementor-top-section elementor-element elementor-element-04bc7c9 elementor-section-boxed elementor-section-height-default elementor-section-height-default\" data-id=\"04bc7c9\" data-element_type=\"section\" data-e-type=\"section\">\n\t\t\t\t\t\t<div class=\"elementor-container elementor-column-gap-default\">\n\t\t\t\t\t<div class=\"elementor-column elementor-col-100 elementor-top-column elementor-element elementor-element-17907b6\" data-id=\"17907b6\" data-element_type=\"column\" data-e-type=\"column\">\n\t\t\t<div class=\"elementor-widget-wrap elementor-element-populated\">\n\t\t\t\t\t\t<div class=\"elementor-element elementor-element-fa13ca2 elementor-widget elementor-widget-text-editor\" data-id=\"fa13ca2\" data-element_type=\"widget\" data-e-type=\"widget\" data-widget_type=\"text-editor.default\">\n\t\t\t\t<div class=\"elementor-widget-container\">\n\t\t\t\t\t\t\t\t\t<p style=\"text-align: center;\"><span>Notre \u00e9quipe de d\u00e9veloppeurs experts donne vie \u00e0 votre vision, en cr\u00e9ant des applications mobiles sur mesure qui captivent les utilisateurs et favorisent l'engagement.<\/span><\/p>\t\t\t\t\t\t\t\t<\/div>\n\t\t\t\t<\/div>\n\t\t\t\t\t<\/div>\n\t\t<\/div>\n\t\t\t\t\t<\/div>\n\t\t<\/section>\n\t\t\t\t<section class=\"elementor-section elementor-top-section elementor-element elementor-element-a547ce7 elementor-section-boxed elementor-section-height-default elementor-section-height-default\" data-id=\"a547ce7\" data-element_type=\"section\" data-e-type=\"section\">\n\t\t\t\t\t\t<div class=\"elementor-container elementor-column-gap-default\">\n\t\t\t\t\t<div class=\"elementor-column elementor-col-33 elementor-top-column elementor-element elementor-element-64251af\" data-id=\"64251af\" data-element_type=\"column\" data-e-type=\"column\">\n\t\t\t<div class=\"elementor-widget-wrap elementor-element-populated\">\n\t\t\t\t\t\t<div class=\"elementor-element elementor-element-11339e4 elementor-view-default elementor-position-top elementor-vertical-align-top elementor-widget elementor-widget-gt3-core-imagebox\" data-id=\"11339e4\" data-element_type=\"widget\" data-e-type=\"widget\" data-widget_type=\"gt3-core-imagebox.default\">\n\t\t\t\t<div class=\"elementor-widget-container\">\n\t\t\t\t\t        <div class=\"gt3-core-imagebox-wrapper\">\r\n\t<div class=\"gt3-core-imagebox-icon\"><span class=\"elementor-icon elementor-animation-\" ><i class=\"fa fa-star\" aria-hidden=\"true\"><\/i><\/span><\/div>    <div class=\"gt3-core-imagebox-content\">\r\n\r\n    <h6 class=\"gt3-core-imagebox-title\">\r\n        <span     >Custom Mobile App Development Services<\/span>\r\n    <\/h6>\r\n    <p class=\"gt3-core-imagebox-description\">\u00c9levez votre entreprise avec des applications mobiles sur mesure d\u00e9velopp\u00e9es par notre \u00e9quipe qualifi\u00e9e chez Digital Web Sync. Nous cr\u00e9ons des applications attrayantes, fonctionnelles et conviviales pour iOS et Android.\n\n<\/p>\r\n    <\/div>\r\n    <\/div>\r\n    \t\t\t\t<\/div>\n\t\t\t\t<\/div>\n\t\t\t\t\t<\/div>\n\t\t<\/div>\n\t\t\t\t<div class=\"elementor-column elementor-col-33 elementor-top-column elementor-element elementor-element-0b15c4b\" data-id=\"0b15c4b\" data-element_type=\"column\" data-e-type=\"column\">\n\t\t\t<div class=\"elementor-widget-wrap elementor-element-populated\">\n\t\t\t\t\t\t<div class=\"elementor-element elementor-element-c8f87cf elementor-view-default elementor-position-top elementor-vertical-align-top elementor-widget elementor-widget-gt3-core-imagebox\" data-id=\"c8f87cf\" data-element_type=\"widget\" data-e-type=\"widget\" data-widget_type=\"gt3-core-imagebox.default\">\n\t\t\t\t<div class=\"elementor-widget-container\">\n\t\t\t\t\t        <div class=\"gt3-core-imagebox-wrapper\">\r\n\t<div class=\"gt3-core-imagebox-icon\"><span class=\"elementor-icon elementor-animation-\" ><i class=\"fa fa-mobile-phone\" aria-hidden=\"true\"><\/i><\/span><\/div>    <div class=\"gt3-core-imagebox-content\">\r\n\r\n    <h6 class=\"gt3-core-imagebox-title\">\r\n        <span     >Expert Mobile App Development Solutions<\/span>\r\n    <\/h6>\r\n    <p class=\"gt3-core-imagebox-description\">Transformez vos id\u00e9es en applications mobiles innovantes gr\u00e2ce aux services experts de d\u00e9veloppement d'applications de Digital Web Sync Nous cr\u00e9ons des applications puissantes pour iOS et Android qui stimulent votre marque et l'engagement de vos clients.<\/p>\r\n    <\/div>\r\n    <\/div>\r\n    \t\t\t\t<\/div>\n\t\t\t\t<\/div>\n\t\t\t\t\t<\/div>\n\t\t<\/div>\n\t\t\t\t<div class=\"elementor-column elementor-col-33 elementor-top-column elementor-element elementor-element-abe40d8\" data-id=\"abe40d8\" data-element_type=\"column\" data-e-type=\"column\">\n\t\t\t<div class=\"elementor-widget-wrap elementor-element-populated\">\n\t\t\t\t\t\t<div class=\"elementor-element elementor-element-68cff2b elementor-view-default elementor-position-top elementor-vertical-align-top elementor-widget elementor-widget-gt3-core-imagebox\" data-id=\"68cff2b\" data-element_type=\"widget\" data-e-type=\"widget\" data-widget_type=\"gt3-core-imagebox.default\">\n\t\t\t\t<div class=\"elementor-widget-container\">\n\t\t\t\t\t        <div class=\"gt3-core-imagebox-wrapper\">\r\n\t<div class=\"gt3-core-imagebox-icon\"><span class=\"elementor-icon elementor-animation-\" ><i class=\"fa fa-apple\" aria-hidden=\"true\"><\/i><\/span><\/div>    <div class=\"gt3-core-imagebox-content\">\r\n\r\n    <h6 class=\"gt3-core-imagebox-title\">\r\n        <span     >Professional Mobile App Development for iOS and Android<\/span>\r\n    <\/h6>\r\n    <p class=\"gt3-core-imagebox-description\">Tirez parti de la puissance du mobile gr\u00e2ce aux services professionnels de d\u00e9veloppement d'applications de Digital Web Sync. Nous concevons et d\u00e9veloppons des applications iOS et Android de pointe qui am\u00e9liorent votre entreprise et l'exp\u00e9rience de vos clients.<\/p>\r\n    <\/div>\r\n    <\/div>\r\n    \t\t\t\t<\/div>\n\t\t\t\t<\/div>\n\t\t\t\t\t<\/div>\n\t\t<\/div>\n\t\t\t\t\t<\/div>\n\t\t<\/section>\n\t\t\t\t<section class=\"elementor-section elementor-top-section elementor-element elementor-element-15c073f elementor-section-boxed elementor-section-height-default elementor-section-height-default\" data-id=\"15c073f\" data-element_type=\"section\" data-e-type=\"section\">\n\t\t\t\t\t\t<div class=\"elementor-container elementor-column-gap-default\">\n\t\t\t\t\t<div class=\"elementor-column elementor-col-25 elementor-top-column elementor-element elementor-element-60daa73\" data-id=\"60daa73\" data-element_type=\"column\" data-e-type=\"column\">\n\t\t\t<div class=\"elementor-widget-wrap elementor-element-populated\">\n\t\t\t\t\t\t<div class=\"elementor-element elementor-element-7e98553 box_with_white_icon animated-fast elementor-widget__width-initial elementor-invisible elementor-widget elementor-widget-gt3-core-info-list\" data-id=\"7e98553\" data-element_type=\"widget\" data-e-type=\"widget\" data-settings=\"{&quot;_animation&quot;:&quot;fadeInLeft&quot;}\" data-widget_type=\"gt3-core-info-list.default\">\n\t\t\t\t<div class=\"elementor-widget-container\">\n\t\t\t\t\t<div class=\"infolist-wrapper position-right\">\t\t<div class=\"timeline-item\">\r\n\t\t\t<div class=\"icon-box_wrap\"><div class=\"icon-wrapper\"><div class=\"image\"><img decoding=\"async\" src=\"https:\/\/digitalwebsync.com\/wp-content\/uploads\/2019\/12\/home4_icon1-168x168.png\" alt=\"D\u00e9veloppement d&#039;applications iOS\" \/><\/div><\/div><div class=\"line\"  style=\"right: 42px;\"><\/div><\/div><div class=\"content_block\"><div class=\"title\">D\u00e9veloppement d'applications iOS<\/div><div class=\"description\">Cr\u00e9ation d'applications iPhone et iPad de haute qualit\u00e9 offrant une exp\u00e9rience utilisateur exceptionnelle et stimulant l'engagement des clients.<\/div><\/div>\t\t<\/div>\r\n\t\t\t<div class=\"timeline-item\">\r\n\t\t\t<div class=\"icon-box_wrap\"><div class=\"icon-wrapper\"><div class=\"image\"><img decoding=\"async\" src=\"https:\/\/digitalwebsync.com\/wp-content\/uploads\/2019\/12\/home4_icon2-168x168.png\" alt=\"D\u00e9veloppement d&#039;applications Android\" \/><\/div><\/div><div class=\"line\"  style=\"right: 42px;\"><\/div><\/div><div class=\"content_block\"><div class=\"title\">D\u00e9veloppement d'applications Android<\/div><div class=\"description\">Construction des applications Android puissantes et centr\u00e9es sur l'utilisateur, con\u00e7ues pour am\u00e9liorer la visibilit\u00e9 de votre marque et la satisfaction de vos clients.<\/div><\/div>\t\t<\/div>\r\n\t\t\t<div class=\"timeline-item\">\r\n\t\t\t<div class=\"icon-box_wrap\"><div class=\"icon-wrapper\"><div class=\"image\"><img decoding=\"async\" src=\"https:\/\/digitalwebsync.com\/wp-content\/uploads\/2019\/12\/home4_icon3-168x168.png\" alt=\"D\u00e9veloppement d&#039;applications multiplateformes\" \/><\/div><\/div><div class=\"line\"  style=\"right: 42px;\"><\/div><\/div><div class=\"content_block\"><div class=\"title\">D\u00e9veloppement d'applications multiplateformes<\/div><div class=\"description\">D\u00e9veloppement d'applications mobiles multiplateformes qui fonctionnent parfaitement sur plusieurs plates-formes, garantissant une exp\u00e9rience utilisateur coh\u00e9rente.<\/div><\/div>\t\t<\/div>\r\n\t<\/div>\t\t\t\t<\/div>\n\t\t\t\t<\/div>\n\t\t\t\t\t<\/div>\n\t\t<\/div>\n\t\t\t\t<div class=\"elementor-column elementor-col-50 elementor-top-column elementor-element elementor-element-7f93fb5\" data-id=\"7f93fb5\" data-element_type=\"column\" data-e-type=\"column\">\n\t\t\t<div class=\"elementor-widget-wrap elementor-element-populated\">\n\t\t\t\t\t\t<div class=\"elementor-element elementor-element-6e78188 elementor-widget elementor-widget-image\" data-id=\"6e78188\" data-element_type=\"widget\" data-e-type=\"widget\" data-widget_type=\"image.default\">\n\t\t\t\t<div class=\"elementor-widget-container\">\n\t\t\t\t\t\t\t\t\t\t\t\t\t\t\t<img fetchpriority=\"high\" decoding=\"async\" width=\"450\" height=\"254\" src=\"https:\/\/digitalwebsync.com\/wp-content\/uploads\/2022\/06\/kits_home13_1.jpg\" class=\"attachment-full size-full wp-image-10791\" alt=\"\" srcset=\"https:\/\/digitalwebsync.com\/wp-content\/uploads\/2022\/06\/kits_home13_1.jpg 450w, https:\/\/digitalwebsync.com\/wp-content\/uploads\/2022\/06\/kits_home13_1-300x169.jpg 300w\" sizes=\"(max-width: 450px) 100vw, 450px\" title=\"\" \/>\t\t\t\t\t\t\t\t\t\t\t\t\t\t\t<\/div>\n\t\t\t\t<\/div>\n\t\t\t\t<div class=\"elementor-element elementor-element-63d6092 elementor-widget elementor-widget-image\" data-id=\"63d6092\" data-element_type=\"widget\" data-e-type=\"widget\" data-widget_type=\"image.default\">\n\t\t\t\t<div class=\"elementor-widget-container\">\n\t\t\t\t\t\t\t\t\t\t\t\t\t\t\t<img decoding=\"async\" width=\"450\" height=\"236\" src=\"https:\/\/digitalwebsync.com\/wp-content\/uploads\/2022\/05\/kits_qualified-traffic.jpg\" class=\"attachment-full size-full wp-image-10162\" alt=\"\" srcset=\"https:\/\/digitalwebsync.com\/wp-content\/uploads\/2022\/05\/kits_qualified-traffic.jpg 450w, https:\/\/digitalwebsync.com\/wp-content\/uploads\/2022\/05\/kits_qualified-traffic-300x157.jpg 300w\" sizes=\"(max-width: 450px) 100vw, 450px\" title=\"\" \/>\t\t\t\t\t\t\t\t\t\t\t\t\t\t\t<\/div>\n\t\t\t\t<\/div>\n\t\t\t\t<div class=\"elementor-element elementor-element-8accd80 elementor-widget elementor-widget-image\" data-id=\"8accd80\" data-element_type=\"widget\" data-e-type=\"widget\" data-widget_type=\"image.default\">\n\t\t\t\t<div class=\"elementor-widget-container\">\n\t\t\t\t\t\t\t\t\t\t\t\t\t\t\t<img decoding=\"async\" width=\"450\" height=\"228\" src=\"https:\/\/digitalwebsync.com\/wp-content\/uploads\/2022\/06\/kits_home13_3.jpg\" class=\"attachment-full size-full wp-image-10805\" alt=\"\" srcset=\"https:\/\/digitalwebsync.com\/wp-content\/uploads\/2022\/06\/kits_home13_3.jpg 450w, https:\/\/digitalwebsync.com\/wp-content\/uploads\/2022\/06\/kits_home13_3-300x152.jpg 300w\" sizes=\"(max-width: 450px) 100vw, 450px\" title=\"\" \/>\t\t\t\t\t\t\t\t\t\t\t\t\t\t\t<\/div>\n\t\t\t\t<\/div>\n\t\t\t\t\t<\/div>\n\t\t<\/div>\n\t\t\t\t<div class=\"elementor-column elementor-col-25 elementor-top-column elementor-element elementor-element-5c0751e\" data-id=\"5c0751e\" data-element_type=\"column\" data-e-type=\"column\">\n\t\t\t<div class=\"elementor-widget-wrap elementor-element-populated\">\n\t\t\t\t\t\t<div class=\"elementor-element elementor-element-69383cc box_with_white_icon animated-fast elementor-invisible elementor-widget elementor-widget-gt3-core-info-list\" data-id=\"69383cc\" data-element_type=\"widget\" data-e-type=\"widget\" data-settings=\"{&quot;_animation&quot;:&quot;fadeInRight&quot;}\" data-widget_type=\"gt3-core-info-list.default\">\n\t\t\t\t<div class=\"elementor-widget-container\">\n\t\t\t\t\t<div class=\"infolist-wrapper position-left\">\t\t<div class=\"timeline-item\">\r\n\t\t\t<div class=\"icon-box_wrap\"><div class=\"icon-wrapper\"><div class=\"image\"><img decoding=\"async\" src=\"https:\/\/digitalwebsync.com\/wp-content\/uploads\/2019\/12\/home4_icon4-168x168.png\" alt=\"Conception d&#039;applications mobiles\" \/><\/div><\/div><div class=\"line\"  style=\"left: 42px;\"><\/div><\/div><div class=\"content_block\"><div class=\"title\">Conception d'applications mobiles<\/div><div class=\"description\">Cr\u00e9ation d'applications visuellement attrayantes et intuitives ax\u00e9es sur la convivialit\u00e9, l'accessibilit\u00e9 et l'engagement des utilisateurs.<\/div><\/div>\t\t<\/div>\r\n\t\t\t<div class=\"timeline-item\">\r\n\t\t\t<div class=\"icon-box_wrap\"><div class=\"icon-wrapper\"><div class=\"image\"><img decoding=\"async\" src=\"https:\/\/digitalwebsync.com\/wp-content\/uploads\/2019\/12\/home4_icon5-168x168.png\" alt=\"Mobile App Testing and Quality Assurance\" \/><\/div><\/div><div class=\"line\"  style=\"left: 42px;\"><\/div><\/div><div class=\"content_block\"><div class=\"title\">Mobile App Testing and Quality Assurance<\/div><div class=\"description\">Nous garantissons les normes de qualit\u00e9 les plus \u00e9lev\u00e9es pour votre application mobile gr\u00e2ce \u00e0 des tests rigoureux, \u00e0 la correction de bogues et \u00e0 des processus d'optimisation.<\/div><\/div>\t\t<\/div>\r\n\t\t\t<div class=\"timeline-item\">\r\n\t\t\t<div class=\"icon-box_wrap\"><div class=\"icon-wrapper\"><div class=\"image\"><img decoding=\"async\" src=\"https:\/\/digitalwebsync.com\/wp-content\/uploads\/2019\/12\/home4_icon6-168x168.png\" alt=\"Optimisation de l&#039;App Store\" \/><\/div><\/div><div class=\"line\"  style=\"left: 42px;\"><\/div><\/div><div class=\"content_block\"><div class=\"title\">Optimisation de l'App Store<\/div><div class=\"description\">Nous optimisons la visibilit\u00e9 et la possibilit\u00e9 de d\u00e9couverte de votre application mobile dans les magasins d'applications, en g\u00e9n\u00e9rant davantage de t\u00e9l\u00e9chargements organiques et d'acquisition d'utilisateurs.<\/div><\/div>\t\t<\/div>\r\n\t<\/div>\t\t\t\t<\/div>\n\t\t\t\t<\/div>\n\t\t\t\t\t<\/div>\n\t\t<\/div>\n\t\t\t\t\t<\/div>\n\t\t<\/section>\n\t\t\t\t<section class=\"elementor-section elementor-top-section elementor-element elementor-element-7842df3 elementor-section-boxed elementor-section-height-default elementor-section-height-default\" data-id=\"7842df3\" data-element_type=\"section\" data-e-type=\"section\">\n\t\t\t\t\t\t<div class=\"elementor-container elementor-column-gap-default\">\n\t\t\t\t\t<div class=\"elementor-column elementor-col-100 elementor-top-column elementor-element elementor-element-be0e358\" data-id=\"be0e358\" data-element_type=\"column\" data-e-type=\"column\">\n\t\t\t<div class=\"elementor-widget-wrap elementor-element-populated\">\n\t\t\t\t\t\t<div class=\"elementor-element elementor-element-a5dda1e elementor-widget elementor-widget-html\" data-id=\"a5dda1e\" data-element_type=\"widget\" data-e-type=\"widget\" data-widget_type=\"html.default\">\n\t\t\t\t<div class=\"elementor-widget-container\">\n\t\t\t\t\t<!DOCTYPE html>\r\n<html lang=\"en\">\r\n<head>\r\n    <meta charset=\"UTF-8\">\r\n    <meta http-equiv=\"X-UA-Compatible\" content=\"IE=edge\">\r\n    <meta name=\"viewport\" content=\"width=device-width, initial-scale=1.0\">\r\n    <style>\r\n        table {\r\n            width: 100%;\r\n            border-collapse: collapse;\r\n            table-layout: fixed;\r\n        }\r\n        th, td {\r\n            border: 1px solid #ccc;\r\n            padding: 15px;\r\n            text-align: center;\r\n            word-wrap: break-word;\r\n        }\r\n        th {\r\n            background-color: #f2f2f2;\r\n            font-weight: bold;\r\n        }\r\n        @media screen and (max-width: 768px) {\r\n            table, th, td {\r\n                font-size: 14px;\r\n            }\r\n        }\r\n    <\/style>\r\n<\/head>\r\n<body>\r\n    <h2>Plans tarifaires de d\u00e9veloppement d'applications mobiles<\/h2>\r\n    <h4>Choisissez le plan parfait adapt\u00e9 \u00e0 vos besoins de d\u00e9veloppement d'applications et \u00e0 votre budget.<\/h4>\r\n    <table>\r\n        <tr>\r\n            <th>Plan<\/th>\r\n            <th>Basic<\/th>\r\n            <th>Standard<\/th>\r\n            <th>Premium<\/th>\r\n        <\/tr>\r\n        <tr>\r\n            <td>Prix<\/td>\r\n            <td>$4,999<\/td>\r\n            <td>$9,999<\/td>\r\n            <td>$14,999<\/td>\r\n        <\/tr>\r\n        <tr>\r\n            <td>Caract\u00e9ristiques<\/td>\r\n            <td>iOS ou Android<\/td>\r\n            <td>iOS ou Android<\/td>\r\n            <td>iOS & Android<\/td>\r\n        <\/tr>\r\n        <tr>\r\n            <td>Conception<\/td>\r\n            <td>UI\/UX personnalis\u00e9e<\/td>\r\n            <td>UI\/UX personnalis\u00e9e<\/td>\r\n            <td>UI\/UX personnalis\u00e9e<\/td>\r\n        <\/tr>\r\n        <tr>\r\n            <td>Pages<\/td>\r\n            <td>Jusqu'\u00e0 5<\/td>\r\n            <td>Jusqu'\u00e0 10<\/td>\r\n            <td>Jusqu'\u00e0 20<\/td>\r\n        <\/tr>\r\n        <tr>\r\n            <td>Ic\u00f4ne de l'application<\/td>\r\n            <td>Inclus<\/td>\r\n            <td>Inclus<\/td>\r\n            <td>Inclus<\/td>\r\n        <\/tr>\r\n        <tr>\r\n            <td>Connexion de l'utilisateur<\/td>\r\n            <td>-<\/td>\r\n            <td>Inclus<\/td>\r\n            <td>Inclus<\/td>\r\n        <\/tr>\r\n        <tr>\r\n            <td>Int\u00e9gration de l'API<\/td>\r\n            <td>-<\/td>\r\n            <td>Jusqu'\u00e0 3 API<\/td>\r\n            <td>Jusqu'\u00e0 6 API<\/td>\r\n        <\/tr>\r\n        <tr>\r\n            <td>Achats int\u00e9gr\u00e9s<\/td>\r\n            <td>-<\/td>\r\n            <td>-<\/td>\r\n            <td>Inclus<\/td>\r\n        <\/tr>\r\n        <tr>\r\n            <td>Notifications Push<\/td>\r\n            <td>-<\/td>\r\n            <td>Inclus<\/td>\r\n            <td>Inclus<\/td>\r\n        <\/tr>\r\n        <tr>\r\n            <td>Soumission de l'App Store<\/td>\r\n            <td>Inclus<\/td>\r\n            <td>Inclus<\/td>\r\n            <td>Inclus<\/td>\r\n        <\/tr>\r\n        <tr>\r\n            <td>Assistance &amp; Entretien<\/td>\r\n            <td>1 mois<\/td>\r\n            <td>3 mois<\/td>\r\n            <td>6 mois<\/td>\r\n                <\/tr>\r\n    <\/table>\r\n<\/body>\r\n<\/html>\r\n\r\n\t\t\t\t<\/div>\n\t\t\t\t<\/div>\n\t\t\t\t\t<\/div>\n\t\t<\/div>\n\t\t\t\t\t<\/div>\n\t\t<\/section>\n\t\t\t\t<\/div>","protected":false},"excerpt":{"rendered":"<p>Transform Your Ideas into Engaging Mobile Apps Our team of expert developers brings your vision to life, crafting tailor-made mobile applications that captivate users and drive engagement. Custom Mobile App Development Services Elevate your business with tailor-made mobile apps developed by our skilled team at Digital Web Sync. We craft engaging, functional, and user-friendly apps [&hellip;]<\/p>","protected":false},"author":1,"featured_media":0,"parent":0,"menu_order":0,"comment_status":"closed","ping_status":"closed","template":"","meta":{"_crdt_document":"","footnotes":""},"class_list":["post-12435","page","type-page","status-publish","hentry"],"_links":{"self":[{"href":"https:\/\/digitalwebsync.com\/fr\/wp-json\/wp\/v2\/pages\/12435","targetHints":{"allow":["GET"]}}],"collection":[{"href":"https:\/\/digitalwebsync.com\/fr\/wp-json\/wp\/v2\/pages"}],"about":[{"href":"https:\/\/digitalwebsync.com\/fr\/wp-json\/wp\/v2\/types\/page"}],"author":[{"embeddable":true,"href":"https:\/\/digitalwebsync.com\/fr\/wp-json\/wp\/v2\/users\/1"}],"replies":[{"embeddable":true,"href":"https:\/\/digitalwebsync.com\/fr\/wp-json\/wp\/v2\/comments?post=12435"}],"version-history":[{"count":7,"href":"https:\/\/digitalwebsync.com\/fr\/wp-json\/wp\/v2\/pages\/12435\/revisions"}],"predecessor-version":[{"id":13591,"href":"https:\/\/digitalwebsync.com\/fr\/wp-json\/wp\/v2\/pages\/12435\/revisions\/13591"}],"wp:attachment":[{"href":"https:\/\/digitalwebsync.com\/fr\/wp-json\/wp\/v2\/media?parent=12435"}],"curies":[{"name":"wp","href":"https:\/\/api.w.org\/{rel}","templated":true}]}}