{"id":9648,"date":"2021-10-18T12:19:41","date_gmt":"2021-10-18T12:19:41","guid":{"rendered":"https:\/\/livewp.site\/wp\/md\/ewebot\/case-studies-with-ajax\/"},"modified":"2024-06-02T03:39:46","modified_gmt":"2024-06-02T03:39:46","slug":"our-portfolio","status":"publish","type":"page","link":"https:\/\/digitalwebsync.com\/es\/our-portfolio\/","title":{"rendered":"Our Portfolio"},"content":{"rendered":"<div data-elementor-type=\"wp-page\" data-elementor-id=\"9648\" class=\"elementor elementor-9648\">\n\t\t\t\t\t\t<section class=\"elementor-section elementor-top-section elementor-element elementor-element-3261fdb8 elementor-section-boxed elementor-section-height-default elementor-section-height-default\" data-id=\"3261fdb8\" data-element_type=\"section\" data-e-type=\"section\">\n\t\t\t\t\t\t<div class=\"elementor-container elementor-column-gap-default\">\n\t\t\t\t\t<div class=\"elementor-column elementor-col-100 elementor-top-column elementor-element elementor-element-13c0d0c2 elementor-invisible\" data-id=\"13c0d0c2\" data-element_type=\"column\" data-e-type=\"column\" data-settings=\"{&quot;animation&quot;:&quot;gt3-slideup-animation&quot;}\">\n\t\t\t<div class=\"elementor-widget-wrap elementor-element-populated\">\n\t\t\t\t\t\t<div class=\"elementor-element elementor-element-b0d93f4 elementor-widget elementor-widget-heading\" data-id=\"b0d93f4\" data-element_type=\"widget\" data-e-type=\"widget\" data-widget_type=\"heading.default\">\n\t\t\t\t<div class=\"elementor-widget-container\">\n\t\t\t\t\t<h2 class=\"elementor-heading-title elementor-size-default\">Nuestro trabajo habla por s\u00ed solo: Explora el portafolio de Digital Web Sync<\/h2>\t\t\t\t<\/div>\n\t\t\t\t<\/div>\n\t\t\t\t<div class=\"elementor-element elementor-element-58eb8acf elementor-widget elementor-widget-text-editor\" data-id=\"58eb8acf\" data-element_type=\"widget\" data-e-type=\"widget\" data-widget_type=\"text-editor.default\">\n\t\t\t\t<div class=\"elementor-widget-container\">\n\t\t\t\t\t\t\t\t\t<p>Descubre el poder y la diversidad de la experiencia de Digital Web Sync a trav\u00e9s de nuestro completo portafolio. Desde dise\u00f1os web innovadores y aplicaciones m\u00f3viles s\u00f3lidas hasta campa\u00f1as impactantes de SEO y marketing digital, nuestros proyectos reflejan un profundo compromiso con la excelencia y el \u00e9xito del cliente. Explora nuestro portafolio para ver c\u00f3mo hemos impulsado a las empresas hacia adelante en el espacio digital, brindando no solo soluciones, sino resultados reales. Deja que nuestro trabajo inspire tu pr\u00f3ximo proyecto y te muestre lo que es posible cuando la creatividad se encuentra con la tecnolog\u00eda.<\/p>\t\t\t\t\t\t\t\t<\/div>\n\t\t\t\t<\/div>\n\t\t\t\t\t<\/div>\n\t\t<\/div>\n\t\t\t\t\t<\/div>\n\t\t<\/section>\n\t\t\t\t<\/div>","protected":false},"excerpt":{"rendered":"<p>Our Work Speaks Volumes: Explore the Digital Web Sync Portfolio Discover the power and diversity of Digital Web Sync&#8217;s expertise through our comprehensive portfolio. From innovative web designs and robust mobile apps to impactful SEO and digital marketing campaigns, our projects reflect a deep commitment to excellence and client success. Explore our portfolio to see [&hellip;]<\/p>","protected":false},"author":1,"featured_media":0,"parent":0,"menu_order":0,"comment_status":"closed","ping_status":"closed","template":"","meta":{"_crdt_document":"","footnotes":""},"class_list":["post-9648","page","type-page","status-publish","hentry"],"_links":{"self":[{"href":"https:\/\/digitalwebsync.com\/es\/wp-json\/wp\/v2\/pages\/9648","targetHints":{"allow":["GET"]}}],"collection":[{"href":"https:\/\/digitalwebsync.com\/es\/wp-json\/wp\/v2\/pages"}],"about":[{"href":"https:\/\/digitalwebsync.com\/es\/wp-json\/wp\/v2\/types\/page"}],"author":[{"embeddable":true,"href":"https:\/\/digitalwebsync.com\/es\/wp-json\/wp\/v2\/users\/1"}],"replies":[{"embeddable":true,"href":"https:\/\/digitalwebsync.com\/es\/wp-json\/wp\/v2\/comments?post=9648"}],"version-history":[{"count":16,"href":"https:\/\/digitalwebsync.com\/es\/wp-json\/wp\/v2\/pages\/9648\/revisions"}],"predecessor-version":[{"id":13695,"href":"https:\/\/digitalwebsync.com\/es\/wp-json\/wp\/v2\/pages\/9648\/revisions\/13695"}],"wp:attachment":[{"href":"https:\/\/digitalwebsync.com\/es\/wp-json\/wp\/v2\/media?parent=9648"}],"curies":[{"name":"wp","href":"https:\/\/api.w.org\/{rel}","templated":true}]}}