{"id":3,"date":"2023-04-26T01:16:44","date_gmt":"2023-04-26T01:16:44","guid":{"rendered":"https:\/\/digitalwebsync.com\/?page_id=3"},"modified":"2024-08-08T22:15:40","modified_gmt":"2024-08-08T22:15:40","slug":"tos","status":"publish","type":"page","link":"https:\/\/digitalwebsync.com\/es\/tos\/","title":{"rendered":"Condiciones de uso"},"content":{"rendered":"<div data-elementor-type=\"wp-page\" data-elementor-id=\"3\" class=\"elementor elementor-3\">\n\t\t\t\t\t\t<section class=\"elementor-section elementor-top-section elementor-element elementor-element-59eb9f75 elementor-section-boxed elementor-section-height-default elementor-section-height-default\" data-id=\"59eb9f75\" data-element_type=\"section\" data-e-type=\"section\">\n\t\t\t\t\t\t<div class=\"elementor-container elementor-column-gap-default\">\n\t\t\t\t\t<div class=\"elementor-column elementor-col-100 elementor-top-column elementor-element elementor-element-780a4f94\" data-id=\"780a4f94\" data-element_type=\"column\" data-e-type=\"column\">\n\t\t\t<div class=\"elementor-widget-wrap elementor-element-populated\">\n\t\t\t\t\t\t<div class=\"elementor-element elementor-element-768e53c8 elementor-widget elementor-widget-text-editor\" data-id=\"768e53c8\" data-element_type=\"widget\" data-e-type=\"widget\" data-widget_type=\"text-editor.default\">\n\t\t\t\t<div class=\"elementor-widget-container\">\n\t\t\t\t\t\t\t\t\t\n<p class=\"selectable-text copyable-text x15bjb6t x1n2onr6\" dir=\"ltr\"><b><strong class=\"selectable-text copyable-text x117nqv4\">T\u00e9rminos de servicio para Digital Web Sync<\/strong><\/b><\/p>\n<p class=\"selectable-text copyable-text x15bjb6t x1n2onr6\" dir=\"ltr\"><span class=\"selectable-text copyable-text x1sdyfia xss6m8b\">1.<\/span><span class=\"selectable-text copyable-text\"> <\/span><b><strong class=\"selectable-text copyable-text x117nqv4\">Introducci\u00f3n<\/strong><\/b><\/p>\n<p class=\"selectable-text copyable-text x15bjb6t x1n2onr6 translation-block\" dir=\"ltr\"><span class=\"selectable-text copyable-text\"> Bienvenido a Digital Web Sync. Al acceder a nuestro sitio web en <\/span><span class=\"selectable-text copyable-text\">digitalwebsync.com<\/span><span class=\"selectable-text copyable-text\">, usted acepta estar sujeto a estos T\u00e9rminos de servicio (\u201cT\u00e9rminos\u201d), todas las leyes y regulaciones aplicables, y acepta que es responsable del cumplimiento de las leyes locales aplicables.<\/span><\/p>\n<p class=\"selectable-text copyable-text x15bjb6t x1n2onr6\" dir=\"ltr\"><span class=\"selectable-text copyable-text x1sdyfia xss6m8b\">2.<\/span><span class=\"selectable-text copyable-text\"> <\/span><b><strong class=\"selectable-text copyable-text x117nqv4\">Servicios<\/strong><\/b><\/p>\n<p class=\"selectable-text copyable-text x15bjb6t x1n2onr6\" dir=\"ltr\"><span class=\"selectable-text copyable-text\"> Digital Web Sync ofrece una gama de servicios digitales que incluyen seguridad de sitios web, desarrollo de aplicaciones web y m\u00f3viles, sistemas de gesti\u00f3n de contenido, soluciones de comercio electr\u00f3nico y diversos servicios de marketing. Para obtener descripciones detalladas de cada servicio, visite nuestra p\u00e1gina de servicios directamente a trav\u00e9s de los enlaces que se proporcionan en nuestra p\u00e1gina de inicio.<\/span><\/p>\n<p class=\"selectable-text copyable-text x15bjb6t x1n2onr6\" dir=\"ltr\"><span class=\"selectable-text copyable-text x1sdyfia xss6m8b\">3.<\/span><span class=\"selectable-text copyable-text\"> <\/span><b><strong class=\"selectable-text copyable-text x117nqv4\">Propiedad intelectual<\/strong><\/b><\/p>\n<p class=\"selectable-text copyable-text x15bjb6t x1n2onr6\" dir=\"ltr\"><span class=\"selectable-text copyable-text\"> Todos los servicios y productos desarrollados por Digital Web Sync, incluidos sitios web, aplicaciones m\u00f3viles, dise\u00f1os y software, siguen siendo propiedad de Digital Web Sync hasta que se paguen en su totalidad. Al comenzar un proyecto, los clientes deben pagar el 50 % por adelantado y el 50 % restante al finalizar el proyecto, momento en el que la propiedad se transfiere al cliente.<\/span><\/p>\n<p class=\"selectable-text copyable-text x15bjb6t x1n2onr6\" dir=\"ltr\"><span class=\"selectable-text copyable-text x1sdyfia xss6m8b\">4.<\/span><span class=\"selectable-text copyable-text\"> <\/span><b><strong class=\"selectable-text copyable-text x117nqv4\">Condiciones de pago y cargos por pagos atrasados<\/strong><\/b><\/p>\n<p class=\"selectable-text copyable-text x15bjb6t x1n2onr6\" dir=\"ltr\"><span class=\"selectable-text copyable-text\"> Las facturas deben pagarse en un plazo de 30 d\u00edas a partir de la fecha de la factura. En caso de no pagar dentro de este plazo, se aplicar\u00e1 un recargo por demora del 2 % mensual sobre el saldo pendiente. Los clientes deben comunicar cualquier discrepancia o disputa dentro de los 14 d\u00edas a partir de la fecha de la factura. Al proceder al pago, usted confirma la aceptaci\u00f3n de estos t\u00e9rminos y de cualquier bien o servicio prestado. Las facturas impagas pueden generar costos de cobranza y honorarios legales.<\/span><\/p>\n<p class=\"selectable-text copyable-text x15bjb6t x1n2onr6\" dir=\"ltr\"><span class=\"selectable-text copyable-text x1sdyfia xss6m8b\">5.<\/span><span class=\"selectable-text copyable-text\"> <\/span><b><strong class=\"selectable-text copyable-text x117nqv4\">Pol\u00edtica de cancelaci\u00f3n y no reembolso<\/strong><\/b><\/p>\n<p class=\"selectable-text copyable-text x15bjb6t x1n2onr6\" dir=\"ltr\"><span class=\"selectable-text copyable-text\"> Una vez iniciado un proyecto, no aceptamos cancelaciones ni ofrecemos reembolsos. En caso de insatisfacci\u00f3n, nos esforzaremos por corregir cualquier error. En casos extremos, se puede considerar un reembolso si se inicia una disputa legal.<\/span><\/p>\n<p class=\"selectable-text copyable-text x15bjb6t x1n2onr6\" dir=\"ltr\"><span class=\"selectable-text copyable-text x1sdyfia xss6m8b\">6.<\/span><span class=\"selectable-text copyable-text\"> <\/span><b><strong class=\"selectable-text copyable-text x117nqv4\">Conducta del usuario<\/strong><\/b><\/p>\n<p class=\"selectable-text copyable-text x15bjb6t x1n2onr6\" dir=\"ltr\"><span class=\"selectable-text copyable-text\"> Los usuarios pueden utilizar nuestro sitio web para ver nuestros servicios y ponerse en contacto con nosotros a trav\u00e9s del formulario de contacto y la secci\u00f3n de preguntas frecuentes. Tambi\u00e9n est\u00e1 disponible un chatbot con tecnolog\u00eda de inteligencia artificial para responder consultas espec\u00edficas.<\/span><\/p>\n<p class=\"selectable-text copyable-text x15bjb6t x1n2onr6\" dir=\"ltr\"><span class=\"selectable-text copyable-text x1sdyfia xss6m8b\">7.<\/span><span class=\"selectable-text copyable-text\"> <\/span><b><strong class=\"selectable-text copyable-text x117nqv4\">Resoluci\u00f3n de conflictos<\/strong><\/b><\/p>\n<p class=\"selectable-text copyable-text x15bjb6t x1n2onr6 translation-block\" dir=\"ltr\"><span class=\"selectable-text copyable-text\"> En caso de disputas, los usuarios deben comunicarse con nosotros a trav\u00e9s de <\/span><span class=\"selectable-text copyable-text\">info@digitalwebsync.com<\/span><span class=\"selectable-text copyable-text\">. Si no podemos resolver el problema, los usuarios pueden presentar reclamos a trav\u00e9s de intermediarios de pago como PayPal o Stripe. En caso de disputas no resueltas, ambas partes acuerdan someterse a la jurisdicci\u00f3n exclusiva de los tribunales ubicados en nuestra jurisdicci\u00f3n operativa.<\/span><\/p>\n<p class=\"selectable-text copyable-text x15bjb6t x1n2onr6\" dir=\"ltr\"><span class=\"selectable-text copyable-text x1sdyfia xss6m8b\">8.<\/span><span class=\"selectable-text copyable-text\"> <\/span><b><strong class=\"selectable-text copyable-text x117nqv4\">Limitaci\u00f3n de responsabilidad<\/strong><\/b><\/p>\n<p class=\"selectable-text copyable-text x15bjb6t x1n2onr6\" dir=\"ltr\"><span class=\"selectable-text copyable-text\"> En la medida m\u00e1xima permitida por la ley, Digital Web Sync no ser\u00e1 responsable de ning\u00fan da\u00f1o indirecto, incidental, especial, consecuente o punitivo, ni de ninguna p\u00e9rdida de ganancias o ingresos, ya sea incurrida directa o indirectamente, ni de ninguna p\u00e9rdida de datos, uso, fondo de comercio u otras p\u00e9rdidas intangibles, resultantes de (i) su uso de nuestros servicios; (ii) cualquier acceso o uso no autorizado de nuestros servidores y\/o cualquier informaci\u00f3n personal almacenada en ellos; y (iii) cualquier interrupci\u00f3n o cese de la transmisi\u00f3n hacia o desde nuestros servicios.<\/span><\/p>\n<p class=\"selectable-text copyable-text x15bjb6t x1n2onr6\" dir=\"ltr\"><span class=\"selectable-text copyable-text x1sdyfia xss6m8b\">9.<\/span><span class=\"selectable-text copyable-text\"> <\/span><b><strong class=\"selectable-text copyable-text x117nqv4\">Indemnizaci\u00f3n<\/strong><\/b><\/p>\n<p class=\"selectable-text copyable-text x15bjb6t x1n2onr6\" dir=\"ltr\"><span class=\"selectable-text copyable-text\"> Usted acepta indemnizar y eximir de responsabilidad a Digital Web Sync y sus empleados, contratistas y afiliados de cualquier reclamo, da\u00f1o, obligaci\u00f3n, p\u00e9rdida, responsabilidad, costo o deuda y gasto (incluidos, entre otros, los honorarios de abogados) que surjan de su uso de nuestros servicios, su violaci\u00f3n de estos T\u00e9rminos o su violaci\u00f3n de cualquier derecho de un tercero.<\/span><\/p>\n<p class=\"selectable-text copyable-text x15bjb6t x1n2onr6\" dir=\"ltr\"><span class=\"selectable-text copyable-text x1sdyfia xss6m8b\">10.<\/span><span class=\"selectable-text copyable-text\"> <\/span><b><strong class=\"selectable-text copyable-text x117nqv4\">Modificaciones a los T\u00e9rminos<\/strong><\/b><\/p>\n<p class=\"selectable-text copyable-text x15bjb6t x1n2onr6\" dir=\"ltr\"><span class=\"selectable-text copyable-text\"> Nos reservamos el derecho de modificar estos T\u00e9rminos en cualquier momento. Los cambios se notificar\u00e1n a nuestros clientes con 30 d\u00edas de anticipaci\u00f3n por correo electr\u00f3nico y mediante una notificaci\u00f3n emergente en nuestro sitio web.<\/span><\/p>\n<p class=\"selectable-text copyable-text x15bjb6t x1n2onr6\" dir=\"ltr\"><span class=\"selectable-text copyable-text x1sdyfia xss6m8b\">11.<\/span><span class=\"selectable-text copyable-text\"> <\/span><b><strong class=\"selectable-text copyable-text x117nqv4\">Cont\u00e1ctanos<\/strong><\/b><\/p>\n<p class=\"selectable-text copyable-text x15bjb6t x1n2onr6 translation-block\" dir=\"ltr\"><span class=\"selectable-text copyable-text\">Para cualquier pregunta relacionada con estos T\u00e9rminos, cont\u00e1ctenos a <\/span><span class=\"selectable-text copyable-text\">info@digitalwebsync.com<\/span><span class=\"selectable-text copyable-text\">.<\/span><\/p>\n\t\t\t\t\t\t\t\t<\/div>\n\t\t\t\t<\/div>\n\t\t\t\t\t<\/div>\n\t\t<\/div>\n\t\t\t\t\t<\/div>\n\t\t<\/section>\n\t\t\t\t<\/div>","protected":false},"excerpt":{"rendered":"<p>Terms of Service for Digital Web Sync 1. Introduction Welcome to Digital Web Sync. By accessing our website at digitalwebsync.com, you agree to be bound by these Terms of Service (\u201cTerms\u201d), all applicable laws and regulations, and agree that you are responsible for compliance with any applicable local laws. 2. Services Digital Web Sync offers [&hellip;]<\/p>","protected":false},"author":1,"featured_media":0,"parent":0,"menu_order":0,"comment_status":"closed","ping_status":"closed","template":"","meta":{"_crdt_document":"","footnotes":""},"class_list":["post-3","page","type-page","status-publish","hentry"],"_links":{"self":[{"href":"https:\/\/digitalwebsync.com\/es\/wp-json\/wp\/v2\/pages\/3","targetHints":{"allow":["GET"]}}],"collection":[{"href":"https:\/\/digitalwebsync.com\/es\/wp-json\/wp\/v2\/pages"}],"about":[{"href":"https:\/\/digitalwebsync.com\/es\/wp-json\/wp\/v2\/types\/page"}],"author":[{"embeddable":true,"href":"https:\/\/digitalwebsync.com\/es\/wp-json\/wp\/v2\/users\/1"}],"replies":[{"embeddable":true,"href":"https:\/\/digitalwebsync.com\/es\/wp-json\/wp\/v2\/comments?post=3"}],"version-history":[{"count":16,"href":"https:\/\/digitalwebsync.com\/es\/wp-json\/wp\/v2\/pages\/3\/revisions"}],"predecessor-version":[{"id":13723,"href":"https:\/\/digitalwebsync.com\/es\/wp-json\/wp\/v2\/pages\/3\/revisions\/13723"}],"wp:attachment":[{"href":"https:\/\/digitalwebsync.com\/es\/wp-json\/wp\/v2\/media?parent=3"}],"curies":[{"name":"wp","href":"https:\/\/api.w.org\/{rel}","templated":true}]}}