{"id":13660,"date":"2024-05-27T22:55:24","date_gmt":"2024-05-27T22:55:24","guid":{"rendered":"https:\/\/digitalwebsync.com\/?page_id=13660"},"modified":"2024-05-27T22:57:04","modified_gmt":"2024-05-27T22:57:04","slug":"disclaimer","status":"publish","type":"page","link":"https:\/\/digitalwebsync.com\/es\/disclaimer\/","title":{"rendered":"Disclaimer"},"content":{"rendered":"<div data-elementor-type=\"wp-page\" data-elementor-id=\"13660\" class=\"elementor elementor-13660\">\n\t\t\t\t\t\t<section class=\"elementor-section elementor-top-section elementor-element elementor-element-abb70ff elementor-section-boxed elementor-section-height-default elementor-section-height-default\" data-id=\"abb70ff\" data-element_type=\"section\" data-e-type=\"section\">\n\t\t\t\t\t\t<div class=\"elementor-container elementor-column-gap-default\">\n\t\t\t\t\t<div class=\"elementor-column elementor-col-100 elementor-top-column elementor-element elementor-element-3d29061\" data-id=\"3d29061\" data-element_type=\"column\" data-e-type=\"column\">\n\t\t\t<div class=\"elementor-widget-wrap elementor-element-populated\">\n\t\t\t\t\t\t<div class=\"elementor-element elementor-element-fce811a elementor-widget elementor-widget-text-editor\" data-id=\"fce811a\" data-element_type=\"widget\" data-e-type=\"widget\" data-widget_type=\"text-editor.default\">\n\t\t\t\t<div class=\"elementor-widget-container\">\n\t\t\t\t\t\t\t\t\t<p><strong>Descargo de responsabilidad del sitio web para Digital Web Sync<\/strong><\/p><p class=\" translation-block\"><strong>1. Informaci\u00f3n General<\/strong> La informaci\u00f3n proporcionada por Digital Web Sync en <a target=\"_new\" rel=\"noreferrer\" href=\"https:\/\/digitalwebsync.com\/\">https:\/\/digitalwebsync.com<\/a> (\u201cel Sitio\u201d) es solo para fines informativos y educativos generales. Toda la informaci\u00f3n en el Sitio se proporciona de buena fe, sin embargo, no hacemos ninguna representaci\u00f3n o garant\u00eda de ning\u00fan tipo, expresa o impl\u00edcita, respecto a la precisi\u00f3n, adecuaci\u00f3n, validez, fiabilidad, disponibilidad o completitud de cualquier informaci\u00f3n en el Sitio.<\/p><p class=\" translation-block\"><strong>2. No es asesoramiento profesional <\/strong>El contenido proporcionado en el sitio, especialmente relacionado con tecnolog\u00eda y servicios web, tiene como \u00fanico objetivo facilitar la comprensi\u00f3n y el conocimiento general y no constituye un asesoramiento profesional. Aunque nuestros expertos pueden ofrecer perspectivas sobre temas como el uso de WordPress o la selecci\u00f3n de servicios de hosting, estas se basan en experiencias generales y no deben ser utilizadas como \u00fanica fuente para tomar decisiones espec\u00edficas.<\/p><p class=\" translation-block\"><strong>3. Descargo de Responsabilidad de Enlaces Externos<\/strong> El Sitio puede contener (o puede que se le env\u00ede a trav\u00e9s del Sitio) enlaces a otros sitios web o contenido perteneciente a terceros o que proviene de ellos, o enlaces a sitios web y caracter\u00edsticas en banners u otra publicidad. Dichos enlaces externos no son investigados, monitoreados o verificados por nosotros en t\u00e9rminos de precisi\u00f3n, adecuaci\u00f3n, validez, fiabilidad, disponibilidad o completitud. Por lo tanto, no garantizamos, respaldamos, aseguramos, ni asumimos responsabilidad alguna por la precisi\u00f3n o fiabilidad de cualquier informaci\u00f3n ofrecida por sitios web de terceros enlazados a trav\u00e9s del sitio o cualquier sitio web o caracter\u00edstica enlazada en cualquier banner u otra publicidad. No seremos parte ni seremos responsables de manera alguna de monitorear ninguna transacci\u00f3n entre usted y los proveedores terceros de productos o servicios.<\/p><p class=\" translation-block\"><strong>4. Responsabilidad Personal<\/strong> Se le anima a verificar independientemente cualquier informaci\u00f3n que encuentre en nuestro sitio y a consultar con profesionales seg\u00fan sea necesario. Su uso del sitio y la dependencia de cualquier informaci\u00f3n en el sitio es \u00fanicamente bajo su propio riesgo. BAJO NINGUNA CIRCUNSTANCIA TENDREMOS NINGUNA RESPONSABILIDAD ANTE USTED POR CUALQUIER P\u00c9RDIDA O DA\u00d1O DE CUALQUIER TIPO INCURRIDO COMO RESULTADO DEL USO DEL SITIO O DE LA DEPENDENCIA DE CUALQUIER INFORMACI\u00d3N PROPORCIONADA EN EL SITIO.<\/p>\t\t\t\t\t\t\t\t<\/div>\n\t\t\t\t<\/div>\n\t\t\t\t\t<\/div>\n\t\t<\/div>\n\t\t\t\t\t<\/div>\n\t\t<\/section>\n\t\t\t\t<\/div>","protected":false},"excerpt":{"rendered":"<p>WEBSITE DISCLAIMER for Digital Web Sync 1. General Information The information provided by Digital Web Sync on https:\/\/digitalwebsync.com (&#8220;the Site&#8221;) is for general informational and educational purposes only. All information on the Site is provided in good faith, however, we make no representation or warranty of any kind, express or implied, regarding the accuracy, adequacy, [&hellip;]<\/p>","protected":false},"author":1,"featured_media":0,"parent":0,"menu_order":0,"comment_status":"closed","ping_status":"closed","template":"","meta":{"_crdt_document":"","footnotes":""},"class_list":["post-13660","page","type-page","status-publish","hentry"],"_links":{"self":[{"href":"https:\/\/digitalwebsync.com\/es\/wp-json\/wp\/v2\/pages\/13660","targetHints":{"allow":["GET"]}}],"collection":[{"href":"https:\/\/digitalwebsync.com\/es\/wp-json\/wp\/v2\/pages"}],"about":[{"href":"https:\/\/digitalwebsync.com\/es\/wp-json\/wp\/v2\/types\/page"}],"author":[{"embeddable":true,"href":"https:\/\/digitalwebsync.com\/es\/wp-json\/wp\/v2\/users\/1"}],"replies":[{"embeddable":true,"href":"https:\/\/digitalwebsync.com\/es\/wp-json\/wp\/v2\/comments?post=13660"}],"version-history":[{"count":7,"href":"https:\/\/digitalwebsync.com\/es\/wp-json\/wp\/v2\/pages\/13660\/revisions"}],"predecessor-version":[{"id":13668,"href":"https:\/\/digitalwebsync.com\/es\/wp-json\/wp\/v2\/pages\/13660\/revisions\/13668"}],"wp:attachment":[{"href":"https:\/\/digitalwebsync.com\/es\/wp-json\/wp\/v2\/media?parent=13660"}],"curies":[{"name":"wp","href":"https:\/\/api.w.org\/{rel}","templated":true}]}}