{"id":13651,"date":"2024-05-27T22:39:03","date_gmt":"2024-05-27T22:39:03","guid":{"rendered":"https:\/\/digitalwebsync.com\/?page_id=13651"},"modified":"2024-05-27T22:43:06","modified_gmt":"2024-05-27T22:43:06","slug":"privacy-policy","status":"publish","type":"page","link":"https:\/\/digitalwebsync.com\/es\/privacy-policy\/","title":{"rendered":"Pol\u00edtica de privacidad"},"content":{"rendered":"<div data-elementor-type=\"wp-page\" data-elementor-id=\"13651\" class=\"elementor elementor-13651\">\n\t\t\t\t\t\t<section class=\"elementor-section elementor-top-section elementor-element elementor-element-5013c83 elementor-section-boxed elementor-section-height-default elementor-section-height-default\" data-id=\"5013c83\" data-element_type=\"section\" data-e-type=\"section\">\n\t\t\t\t\t\t<div class=\"elementor-container elementor-column-gap-default\">\n\t\t\t\t\t<div class=\"elementor-column elementor-col-100 elementor-top-column elementor-element elementor-element-261c12b\" data-id=\"261c12b\" data-element_type=\"column\" data-e-type=\"column\">\n\t\t\t<div class=\"elementor-widget-wrap elementor-element-populated\">\n\t\t\t\t\t\t<div class=\"elementor-element elementor-element-fad9334 elementor-widget elementor-widget-text-editor\" data-id=\"fad9334\" data-element_type=\"widget\" data-e-type=\"widget\" data-widget_type=\"text-editor.default\">\n\t\t\t\t<div class=\"elementor-widget-container\">\n\t\t\t\t\t\t\t\t\t<p><strong>Pol\u00edtica de privacidad para Digital Web Sync<\/strong><\/p><p class=\" translation-block\"><strong>1. Introducci\u00f3n<br><\/strong> Bienvenido a Digital Web Sync. Esta Pol\u00edtica de Privacidad explica c\u00f3mo recopilamos, usamos y compartimos informaci\u00f3n sobre ti cuando visitas o utilizas nuestros servicios en <a target=\"_new\" rel=\"noreferrer\" href=\"https:\/\/digitalwebsync.com\/\">digitalwebsync.com<\/a>. Al utilizar nuestros servicios, aceptas la recopilaci\u00f3n y el uso de informaci\u00f3n de acuerdo con esta pol\u00edtica.<\/p><p class=\" translation-block\"><strong>2. Recopilaci\u00f3n y uso de informaci\u00f3n<br><\/strong> Recopilamos varios tipos de informaci\u00f3n para diversos fines para brindarte y mejorar nuestros servicios. Esto incluye:<\/p><ul><li class=\" translation-block\"><strong>Datos personales<\/strong>: Mientras utiliza nuestro Servicio, es posible que te solicitemos que nos proporciones cierta informaci\u00f3n de identificaci\u00f3n personal que puede usarse para contactarte o identificarte. Esto puede incluir, entre otros, tu nombre, direcci\u00f3n de correo electr\u00f3nico y n\u00famero de tel\u00e9fono.<\/li><li class=\" translation-block\"><strong>Datos de uso<\/strong>: Recopilamos informaci\u00f3n sobre c\u00f3mo se accede y se utiliza el Servicio. Estos Datos de uso pueden incluir informaci\u00f3n como la direcci\u00f3n de Protocolo de Internet de tu computadora (por ejemplo, direcci\u00f3n IP), el tipo de navegador, la versi\u00f3n del navegador y las p\u00e1ginas de nuestro Servicio que visitas.<\/li><\/ul><p class=\" translation-block\"><strong>3. Cookies y tecnolog\u00edas de seguimiento<\/strong> <br>Utilizamos cookies y tecnolog\u00edas de seguimiento similares para rastrear la actividad en nuestro Servicio y conservar cierta informaci\u00f3n, seg\u00fan lo impulsado por nuestra plataforma WordPress.<\/p><p class=\" translation-block\"><strong>4. Uso de datos<br><\/strong> Digital Web Sync utiliza los datos recopilados para diversos fines:<\/p><ul><li>Para proporcionar y mantener nuestro Servicio<\/li><li>Para notificarte sobre cambios en nuestro Servicio<\/li><li>Para brindar atenci\u00f3n al cliente<\/li><li>Para recopilar an\u00e1lisis o informaci\u00f3n valiosa para que podamos mejorar nuestro Servicio.<\/li><li>Para monitorear el uso de nuestro Servicio<\/li><\/ul><p class=\" translation-block\"><strong>5. Intercambio de datos<br><\/strong> Compartimos tus datos con terceros como PayPal o Stripe para procesar pagos y generar facturas. Tu nombre completo, nombre de la empresa, direcci\u00f3n de la empresa y correo electr\u00f3nico se comparten para estos fines. No compartimos informaci\u00f3n personal de los usuarios que s\u00f3lo navegan por nuestro sitio web.<\/p><p class=\" translation-block\"><strong>6. Transferencias internacionales de datos<\/strong><span> <br>Tu informaci\u00f3n, incluidos los datos personales, puede transferirse y mantenerse en computadoras ubicadas fuera de su estado, provincia, pa\u00eds u otra jurisdicci\u00f3n gubernamental donde las leyes de protecci\u00f3n de datos puedan difieren de los de su jurisdicci\u00f3n. Transferimos datos personales a nuestro procesador de pagos, Stripe, con el fin de facturar a nuestros clientes internacionales. Tomamos todas las medidas razonablemente necesarias para garantizar que sus datos se traten de forma segura y de acuerdo con esta Pol\u00edtica de Privacidad.<\/span><\/p><p class=\" translation-block\"><strong>7. Derechos de datos<br><\/strong>Tienes derecho a solicitar la eliminaci\u00f3n de tus datos personales de nuestras bases de datos. Comun\u00edcate con nosotros en <a target=\"_new\" rel=\"noreferrer\">info@digitalwebsync.com<\/a> para realizar dicha solicitud.<\/p><p class=\" translation-block\"><strong>8. Seguridad<br><\/strong>Nos tomamos en serio la seguridad de tus datos y utilizamos tanto medidas de seguridad de WordPress como pr\u00e1cticas de seguridad avanzadas adicionales supervisadas por nuestros ingenieros de TI expertos para proteger tus datos.<\/p><p class=\" translation-block\"><strong>9. Cambios a esta Pol\u00edtica de Privacidad<br><\/strong> Podemos actualizar nuestra Pol\u00edtica de Privacidad de vez en cuando. Te notificaremos cualquier cambio publicando la nueva Pol\u00edtica de Privacidad en esta p\u00e1gina y mediante una notificaci\u00f3n emergente 30 d\u00edas antes de que los cambios entren en vigencia.<\/p><p class=\" translation-block\"><strong>10. Cont\u00e1ctanos<br><\/strong> Si tienes alguna pregunta sobre esta Pol\u00edtica de privacidad, cont\u00e1ctanos en <a target=\"_new\" rel=\"noreferrer\">info@digitalwebsync.com<\/a>.<\/p>\t\t\t\t\t\t\t\t<\/div>\n\t\t\t\t<\/div>\n\t\t\t\t\t<\/div>\n\t\t<\/div>\n\t\t\t\t\t<\/div>\n\t\t<\/section>\n\t\t\t\t<\/div>","protected":false},"excerpt":{"rendered":"<p>Privacy Policy for Digital Web Sync 1. Introduction Welcome to Digital Web Sync. This Privacy Policy explains how we collect, use, and share information about you when you visit or use our services at digitalwebsync.com. By using our services, you agree to the collection and use of information in accordance with this policy. 2. Information [&hellip;]<\/p>","protected":false},"author":1,"featured_media":0,"parent":0,"menu_order":0,"comment_status":"closed","ping_status":"closed","template":"","meta":{"_crdt_document":"","footnotes":""},"class_list":["post-13651","page","type-page","status-publish","hentry"],"_links":{"self":[{"href":"https:\/\/digitalwebsync.com\/es\/wp-json\/wp\/v2\/pages\/13651","targetHints":{"allow":["GET"]}}],"collection":[{"href":"https:\/\/digitalwebsync.com\/es\/wp-json\/wp\/v2\/pages"}],"about":[{"href":"https:\/\/digitalwebsync.com\/es\/wp-json\/wp\/v2\/types\/page"}],"author":[{"embeddable":true,"href":"https:\/\/digitalwebsync.com\/es\/wp-json\/wp\/v2\/users\/1"}],"replies":[{"embeddable":true,"href":"https:\/\/digitalwebsync.com\/es\/wp-json\/wp\/v2\/comments?post=13651"}],"version-history":[{"count":7,"href":"https:\/\/digitalwebsync.com\/es\/wp-json\/wp\/v2\/pages\/13651\/revisions"}],"predecessor-version":[{"id":13658,"href":"https:\/\/digitalwebsync.com\/es\/wp-json\/wp\/v2\/pages\/13651\/revisions\/13658"}],"wp:attachment":[{"href":"https:\/\/digitalwebsync.com\/es\/wp-json\/wp\/v2\/media?parent=13651"}],"curies":[{"name":"wp","href":"https:\/\/api.w.org\/{rel}","templated":true}]}}