{"id":13629,"date":"2024-05-27T21:58:33","date_gmt":"2024-05-27T21:58:33","guid":{"rendered":"https:\/\/digitalwebsync.com\/?page_id=13629"},"modified":"2024-05-27T22:07:16","modified_gmt":"2024-05-27T22:07:16","slug":"cookies-policy","status":"publish","type":"page","link":"https:\/\/digitalwebsync.com\/es\/cookies-policy\/","title":{"rendered":"Cookies policy"},"content":{"rendered":"<div data-elementor-type=\"wp-page\" data-elementor-id=\"13629\" class=\"elementor elementor-13629\">\n\t\t\t\t\t\t<section class=\"elementor-section elementor-top-section elementor-element elementor-element-c72919b elementor-section-boxed elementor-section-height-default elementor-section-height-default\" data-id=\"c72919b\" data-element_type=\"section\" data-e-type=\"section\">\n\t\t\t\t\t\t<div class=\"elementor-container elementor-column-gap-default\">\n\t\t\t\t\t<div class=\"elementor-column elementor-col-100 elementor-top-column elementor-element elementor-element-af7b665\" data-id=\"af7b665\" data-element_type=\"column\" data-e-type=\"column\">\n\t\t\t<div class=\"elementor-widget-wrap elementor-element-populated\">\n\t\t\t\t\t\t<div class=\"elementor-element elementor-element-6264c8a elementor-widget elementor-widget-text-editor\" data-id=\"6264c8a\" data-element_type=\"widget\" data-e-type=\"widget\" data-widget_type=\"text-editor.default\">\n\t\t\t\t<div class=\"elementor-widget-container\">\n\t\t\t\t\t\t\t\t\t<p class=\" translation-block\"><strong>1. Introducci\u00f3n<\/strong> Esta Pol\u00edtica de cookies explica qu\u00e9 son las cookies y c\u00f3mo nosotros, Digital Web Sync, una agencia digital de servicio completo, las utilizamos en nuestro sitio web <a target=\"_new\" rel=\"noreferrer\" href=\"https:\/ \/digitalwebsync.com\/\">digitalwebsync.com<\/a>. Utilizamos cookies para mejorar tu experiencia brind\u00e1ndote servicios personalizados y analizando el tr\u00e1fico del sitio. Al utilizar nuestro sitio web, aceptas el uso de cookies de acuerdo con esta pol\u00edtica.<\/p><p class=\" translation-block\"><strong>2. \u00bfQu\u00e9 son las cookies?<\/strong> Las cookies son peque\u00f1os archivos de texto que se almacenan en tu dispositivo (ordenador, tableta o m\u00f3vil) cuando visitas sitios web. Se utilizan ampliamente para \"recordarte\" a ti y tus preferencias, ya sea para una sola visita (a trav\u00e9s de una \"cookie de sesi\u00f3n\") o para m\u00faltiples visitas repetidas (utilizando una \"cookie persistente\"). Garantizan una experiencia consistente y eficiente para los visitantes y realizan funciones esenciales como permitir que los usuarios se registren y permanezcan conectados.<\/p><p class=\" translation-block\"><strong>3. \u00bfC\u00f3mo utilizamos las cookies?<\/strong> Utilizamos cookies para comprender c\u00f3mo utilizas nuestro sitio y mejorar tu experiencia. Nuestros usos de cookies incluyen:<\/p><ul><li class=\" translation-block\"><strong>Cookies de funcionalidad del sitio<\/strong>: Estas cookies te permiten navegar por el sitio y utilizar nuestras funciones, como \"Agregar al carrito\" y \"Guardar para m\u00e1s tarde\".<\/li><li class=\" translation-block\"><strong>Cookies de an\u00e1lisis del sitio<\/strong>: Nos ayudan a comprender c\u00f3mo los visitantes interact\u00faan con nuestro sitio web al recopilar y proporcionar informaci\u00f3n de forma an\u00f3nima.<\/li><li class=\" translation-block\"><strong>Cookies de preferencias del cliente<\/strong>: Cuando navegas o compras en Digital Web Sync, estas cookies recordar\u00e1n tus preferencias (como su idioma o ubicaci\u00f3n), para que podamos hacer que tu experiencia de compra sea lo m\u00e1s fluida posible y m\u00e1s personal para ti.<\/li><\/ul><p class=\" translation-block\"><strong>4. Cookies de terceros<\/strong> En algunos casos especiales, tambi\u00e9n utilizamos cookies proporcionadas por terceros de confianza. La siguiente secci\u00f3n detalla qu\u00e9 cookies de terceros puede encontrar a trav\u00e9s de este sitio:<\/p><ul><li class=\" translation-block\"><strong>Google Analytics<\/strong>: Estas cookies se utilizan para rastrear el uso de nuestro sitio y la efectividad de nuestras campa\u00f1as de marketing. Es posible que realicen un seguimiento de aspectos como el tiempo que pasas en el sitio y las p\u00e1ginas que visitas.<\/li><\/ul><p class=\" translation-block\"><strong>5. C\u00f3mo gestionar las cookies<\/strong> Puedes gestionar el uso de cookies en cualquier momento ajustando la configuraci\u00f3n de tu navegador. A continuaci\u00f3n te explicamos c\u00f3mo puedes controlar y administrar las cookies en los principales navegadores web:<\/p><ul><li class=\" translation-block\"><strong>Google Chrome<\/strong>: Visita <a target=\"_blank\" href=\"https:\/\/support.google.com\/chrome\/answer\/95647?hl=en&amp;co=GENIE.PlatformDesktop\" rel=\" noopener\">Configuraci\u00f3n de cookies de Chrome<\/a> para gestionar las cookies directamente en Chrome.<\/li><li class=\" translation-block\"><strong>Mozilla Firefox<\/strong>: Accede a <a target=\"_new\" rel=\"noreferrer noopener\" href=\"https:\/\/support.mozilla.org\/en-US\/kb\/cookies-information-websites-store -en-su-computadora\">gu\u00eda de administraci\u00f3n de cookies de Firefox<\/a> para obtener instrucciones detalladas sobre c\u00f3mo administrar las cookies.<\/li><li class=\" translation-block\"><strong>Apple Safari<\/strong>: Ve a <a target=\"_new\" rel=\"noreferrer noopener\" href=\"https:\/\/support.apple.com\/en-us\/HT201265\">configuraci\u00f3n de privacidad de Safari<\/a> para obtener informaci\u00f3n sobre c\u00f3mo administrar las cookies en Safari.<\/li><li class=\" translation-block\"><strong>Microsoft Edge<\/strong>: Revisa <a target=\"_new\" rel=\"noreferrer noopener\" href=\"https:\/\/support.microsoft.com\/en-us\/microsoft-edge\/delete-cookies-in -microsoft-edge-63947406-40ac-c3b8-57b9-2a946a29ae09\">Configuraci\u00f3n de cookies de Edge<\/a> para obtener m\u00e1s informaci\u00f3n sobre la administraci\u00f3n de cookies en Edge.<\/li><\/ul><p>Para otros navegadores, consulta la documentaci\u00f3n proporcionada por el fabricante de tu navegador.<\/p><p class=\" translation-block\"><strong>6. Cambios en la Pol\u00edtica de Cookies<\/strong> Podemos actualizar esta Pol\u00edtica de Cookies de vez en cuando en respuesta a cambios legales, t\u00e9cnicos o comerciales. Cuando actualicemos nuestra Pol\u00edtica de Cookies, tomaremos las medidas adecuadas para informarte, de acuerdo con la importancia de los cambios que realicemos.<\/p><p class=\" translation-block\"><strong>7. Cont\u00e1ctanos<\/strong> Si tienes alguna pregunta sobre nuestro uso de cookies, cont\u00e1ctanos por correo electr\u00f3nico a <a target=\"_new\" rel=\"noreferrer\">info@digitalwebsync.com<\/a>.<\/p>\t\t\t\t\t\t\t\t<\/div>\n\t\t\t\t<\/div>\n\t\t\t\t\t<\/div>\n\t\t<\/div>\n\t\t\t\t\t<\/div>\n\t\t<\/section>\n\t\t\t\t<\/div>","protected":false},"excerpt":{"rendered":"<p>1. Introduction This Cookie Policy explains what cookies are and how we, Digital Web Sync, a full-service digital agency, use them on our website digitalwebsync.com. We use cookies to enhance your experience by providing personalized services and analyzing site traffic. By using our website, you consent to the use of cookies in accordance with this [&hellip;]<\/p>","protected":false},"author":1,"featured_media":0,"parent":0,"menu_order":0,"comment_status":"closed","ping_status":"closed","template":"","meta":{"_crdt_document":"","footnotes":""},"class_list":["post-13629","page","type-page","status-publish","hentry"],"_links":{"self":[{"href":"https:\/\/digitalwebsync.com\/es\/wp-json\/wp\/v2\/pages\/13629","targetHints":{"allow":["GET"]}}],"collection":[{"href":"https:\/\/digitalwebsync.com\/es\/wp-json\/wp\/v2\/pages"}],"about":[{"href":"https:\/\/digitalwebsync.com\/es\/wp-json\/wp\/v2\/types\/page"}],"author":[{"embeddable":true,"href":"https:\/\/digitalwebsync.com\/es\/wp-json\/wp\/v2\/users\/1"}],"replies":[{"embeddable":true,"href":"https:\/\/digitalwebsync.com\/es\/wp-json\/wp\/v2\/comments?post=13629"}],"version-history":[{"count":7,"href":"https:\/\/digitalwebsync.com\/es\/wp-json\/wp\/v2\/pages\/13629\/revisions"}],"predecessor-version":[{"id":13638,"href":"https:\/\/digitalwebsync.com\/es\/wp-json\/wp\/v2\/pages\/13629\/revisions\/13638"}],"wp:attachment":[{"href":"https:\/\/digitalwebsync.com\/es\/wp-json\/wp\/v2\/media?parent=13629"}],"curies":[{"name":"wp","href":"https:\/\/api.w.org\/{rel}","templated":true}]}}